{"id":1731,"date":"2021-06-26T23:16:39","date_gmt":"2021-06-26T23:16:39","guid":{"rendered":"https:\/\/www.bodhicharityfoundation.org\/website\/?page_id=1731"},"modified":"2021-07-05T17:22:12","modified_gmt":"2021-07-05T17:22:12","slug":"dong-gop","status":"publish","type":"page","link":"https:\/\/www.bodhicharityfoundation.org\/website\/vi\/dong-gop\/","title":{"rendered":"\u0110\u00d3NG G\u00d3P"},"content":{"rendered":"\n<div class=\"wp-block-columns are-vertically-aligned-top is-layout-flex wp-container-core-columns-is-layout-9d6595d7 wp-block-columns-is-layout-flex\">\n<div class=\"wp-block-column is-vertically-aligned-top is-layout-flow wp-block-column-is-layout-flow\" style=\"flex-basis:100%\">\n<h1 class=\"has-text-align-center wp-block-heading\">\u0110\u00d3NG G\u00d3P<\/h1>\n\n\n\n<div class=\"wp-block-group alignwide has-background-background-color has-background has-light-background has-xs-padding-top has-xs-padding-bottom has-xl-margin-bottom\"><div class=\"wp-block-group__inner-container is-layout-flow wp-block-group-is-layout-flow\">\n<h4 class=\"has-text-align-center has-secondary-color has-text-color wp-block-heading has-md-max-width\">Trong nh&#7919;ng l&uacute;c kh&oacute; kh&#259;n n&agrave;y, ch&uacute;ng t&ocirc;i m&#7899;i th&#7845;m nhu&#7847;n c&acirc;u t&#7909;c ng&#7919; Vi&#7879;t Nam &#273;&atilde; &#259;n s&acirc;u v&agrave;o c&#7897;i ngu&#7891;n v&#259;n h&oacute;a &#273;&#7847;y t&iacute;nh nh&acirc;n v&#259;n c&#7911;a ng&#432;&#7901;i con Vi&#7879;t:<\/h4>\n\n\n\n\n<p class=\"has-text-align-center is-style-subheading has-secondary-color has-text-color\"><strong>&#8220;L&Aacute; L&Agrave;NH &#272;&Ugrave;M L&Aacute; R&Aacute;CH&#8221;<\/strong><\/p>\n<\/div><\/div>\n\n\n\n\n\n\n<div class=\"wp-block-group alignfull has-no-content-width\"><div class=\"wp-block-group__inner-container is-layout-flow wp-block-group-is-layout-flow\">\n<div class=\"wp-block-columns is-layout-flex wp-container-core-columns-is-layout-9d6595d7 wp-block-columns-is-layout-flex\">\n<div class=\"wp-block-column is-layout-flow wp-block-column-is-layout-flow\" style=\"flex-basis:100%\">\n<div class=\"wp-block-group alignfull has-xl-margin-bottom\"><div class=\"wp-block-group__inner-container is-layout-flow wp-block-group-is-layout-flow\">\n<div class=\"wp-block-columns has-header-background-color has-background is-layout-flex wp-container-core-columns-is-layout-9d6595d7 wp-block-columns-is-layout-flex\">\n<div class=\"wp-block-column is-layout-flow wp-block-column-is-layout-flow\" style=\"flex-basis:100%\">\n<h2 class=\"has-text-align-center has-xxxl-font-size wp-block-heading has-md-max-width\"><strong>T&Igrave;NH NGUY&#7878;N<\/strong><\/h2>\n\n\n\n\n<h4 class=\"has-text-align-left wp-block-heading has-md-max-width\"><strong>Xin gia nh&#7853;p m&#7897;t t&#7893; ch&#7913;c ho&agrave;n to&agrave;n t&#7921; nguy&#7879;n kh&ocirc;ng l&#432;&#417;ng c&#7911;a ch&uacute;ng t&ocirc;i, c&#7845;u th&agrave;nh b&#7903;i nh&#7919;ng ng&#432;&#7901;i v&#7899;i l&ograve;ng bi&#7871;t &#417;n v&agrave; t&#7889;t b&#7909;ng nh&#432; b&#7841;n.<\/strong> <strong>Kh&aacute;m ph&aacute; ni&#7873;m h&#7841;nh ph&uacute;c t&#7915; vi&#7879;c thi&#7879;n nguy&#7879;n.<\/strong><\/h4>\n\n<\/div>\n<\/div>\n\n\n\n<div class=\"wp-block-cover alignfull has-parallax has-no-margin-top\" style=\"background-image:url(https:\/\/www.bodhicharityfoundation.org\/website\/wp-content\/uploads\/2021\/05\/Volunteers-Members-at-Kiets-place.jpg);min-height:250px;aspect-ratio:unset;\"><div class=\"wp-block-cover__inner-container is-layout-flow wp-block-cover-is-layout-flow\">\n<div class=\"wp-block-buttons is-content-justification-center is-layout-flex wp-block-buttons-is-layout-flex\">\n<div class=\"wp-block-button is-style-default\"><a class=\"wp-block-button__link button\" href=\"https:\/\/www.bodhicharityfoundation.org\/website\/vi\/tinh-nguyn-vien\/\">T&Igrave;M HI&#7874;U TH&Ecirc;M V&#7872; C&Ocirc;NG VI&#7878;C THI&#7878;N NGUY&#7878;N<\/a><\/div>\n<\/div>\n<\/div><\/div>\n\n<\/div><\/div>\n\n<\/div>\n<\/div>\n<\/div><\/div>\n\n\n\n\n<h1 class=\"alignwide has-text-align-center wp-block-heading has-xl-margin-top\" id=\"waystodonate\">C&Aacute;CH &#272;&Oacute;NG G&Oacute;P<\/h1>\n\n\n\n\n<h2 class=\"has-text-align-center wp-block-heading has-xl-margin-top\">B&#7843;o tr&#7907; <\/h2>\n\n\n\n\n<p class=\"has-xs-max-width\"><strong>Tr&#7843;i nghi&#7879;m t&#7853;n tay k&#7871;t qu&#7843; h&#7895; tr&#7907; c&#7911;a b&#7841;n <\/strong><\/p>\n\n\n\n\n<p class=\"has-xs-max-width\">C&aacute;c kho&#7843;n quy&ecirc;n g&oacute;p h&agrave;ng th&aacute;ng t&#7841;o ra s&#7921; h&#7895; tr&#7907; l&acirc;u d&agrave;i cho nh&#7919;ng ng&#432;&#7901;i c&#7847;n gi&uacute;p &#273;&#7905;. Nh&#7919;ng m&#7889;i quan h&#7879; &#273;&#7897;c &#273;&aacute;o n&agrave;y t&#7841;o ra nh&#7919;ng k&#7871;t qu&#7843; l&acirc;u d&agrave;i v&agrave; &#273;&aacute;ng nh&#7899; cho m&#7897;t &#273;&#7913;a tr&#7867;, m&#7897;t ng&#432;&#7901;i l&#7899;n tu&#7893;i ho&#7863;c m&#7897;t ng&#432;&#7901;i ngh&egrave;o kh&oacute; v&agrave; c&#7843; cho B&#7840;N.<\/p>\n\n\n\n\n<div class=\"wp-block-columns is-layout-flex wp-container-core-columns-is-layout-9d6595d7 wp-block-columns-is-layout-flex\">\n<div class=\"wp-block-column is-layout-flow wp-block-column-is-layout-flow\">\n<div class=\"wp-block-cover has-background-dim-10 has-background-dim has-xs-padding-left has-xs-padding-right has-md-margin-top has-md-margin-bottom\" style=\"min-height:200px;aspect-ratio:unset;\"><img loading=\"lazy\" decoding=\"async\" width=\"300\" height=\"225\" sizes=\"auto, (max-width: 600px) 100vw, 50vw\" srcset=\"https:\/\/www.bodhicharityfoundation.org\/website\/wp-content\/uploads\/2021\/06\/gentle-lady-afternoonlight-300x225.jpg 300w, https:\/\/www.bodhicharityfoundation.org\/website\/wp-content\/uploads\/2021\/06\/gentle-lady-afternoonlight-400x300.jpg 400w, https:\/\/www.bodhicharityfoundation.org\/website\/wp-content\/uploads\/2021\/06\/gentle-lady-afternoonlight-768x576.jpg 768w, https:\/\/www.bodhicharityfoundation.org\/website\/wp-content\/uploads\/2021\/06\/gentle-lady-afternoonlight-800x600.jpg 800w, https:\/\/www.bodhicharityfoundation.org\/website\/wp-content\/uploads\/2021\/06\/gentle-lady-afternoonlight-1024x768.jpg 1024w, https:\/\/www.bodhicharityfoundation.org\/website\/wp-content\/uploads\/2021\/06\/gentle-lady-afternoonlight-1200x900.jpg 1200w, https:\/\/www.bodhicharityfoundation.org\/website\/wp-content\/uploads\/2021\/06\/gentle-lady-afternoonlight-1536x1152.jpg 1536w, https:\/\/www.bodhicharityfoundation.org\/website\/wp-content\/uploads\/2021\/06\/gentle-lady-afternoonlight.jpg 2048w\" class=\"wp-block-cover__image-background wp-image-1399\" alt=\"\" src=\"https:\/\/www.bodhicharityfoundation.org\/website\/wp-content\/uploads\/2021\/06\/gentle-lady-afternoonlight-300x225.jpg\" style=\"--object-position:48% 26%\" data-object-fit=\"cover\" data-object-position=\"48% 26%\"><div class=\"wp-block-cover__inner-container is-layout-flow wp-block-cover-is-layout-flow\">\n<p class=\"has-text-align-center has-custom-1-color has-text-color has-lg-font-size\"><strong><a href=\"https:\/\/www.bodhicharityfoundation.org\/website\/vi\/bao-tro-1-vi-cao-nien\/\">B&#7843;o Tr&#7907; 1 V&#7883; Cao Ni&ecirc;n<\/a><\/strong><\/p>\n\n\n\n<p class=\"has-text-align-center\">Th&#7913;c &#259;n &amp; n&#417;i tr&uacute; &#7849;n cho ng&#432;&#7901;i cao tu&#7893;i<\/p>\n<\/div><\/div>\n\n\n<\/div>\n\n\n\n<div class=\"wp-block-column is-layout-flow wp-block-column-is-layout-flow\">\n<div class=\"wp-block-cover aligncenter has-background-dim-40 has-background-dim has-xs-padding-left has-xs-padding-right has-md-margin-top has-md-margin-bottom\" style=\"background-color:#2f5d55;min-height:200px;aspect-ratio:unset;\"><img loading=\"lazy\" decoding=\"async\" width=\"300\" height=\"200\" sizes=\"auto, (max-width: 600px) 100vw, 50vw\" srcset=\"https:\/\/www.bodhicharityfoundation.org\/website\/wp-content\/uploads\/2021\/05\/kids-masks-edited-300x200.jpg 300w, https:\/\/www.bodhicharityfoundation.org\/website\/wp-content\/uploads\/2021\/05\/kids-masks-edited-768x513.jpg 768w, https:\/\/www.bodhicharityfoundation.org\/website\/wp-content\/uploads\/2021\/05\/kids-masks-edited-1024x684.jpg 1024w, https:\/\/www.bodhicharityfoundation.org\/website\/wp-content\/uploads\/2021\/05\/kids-masks-edited-1536x1025.jpg 1536w, https:\/\/www.bodhicharityfoundation.org\/website\/wp-content\/uploads\/2021\/05\/kids-masks-edited.jpg 2048w\" class=\"wp-block-cover__image-background wp-image-265\" alt=\"\" src=\"https:\/\/www.bodhicharityfoundation.org\/website\/wp-content\/uploads\/2021\/05\/kids-masks-edited-300x200.jpg\" style=\"--object-position:48% 0%\" data-object-fit=\"cover\" data-object-position=\"48% 0%\"><div class=\"wp-block-cover__inner-container is-layout-flow wp-block-cover-is-layout-flow\">\n<p class=\"has-text-align-center has-custom-1-color has-text-color has-lg-font-size\"><strong><strong><a href=\"https:\/\/www.bodhicharityfoundation.org\/website\/vi\/bao-tro-1-em-nho\/\"><\/a><a href=\"https:\/\/www.bodhicharityfoundation.org\/website\/vi\/bao-tro-1-em-nho\/\">B&#7843;o Tr&#7907; 1 Em Nh&#7887;<\/a><\/strong><\/strong><\/p>\n\n\n\n<p class=\"has-text-align-center\">T&#7863;ng qu&agrave; gi&aacute;o d&#7909;c<\/p>\n<\/div><\/div>\n\n\n<\/div>\n\n\n\n<div class=\"wp-block-column is-layout-flow wp-block-column-is-layout-flow\">\n<div class=\"wp-block-cover aligncenter has-background-dim-40 has-background-dim has-xs-padding-left has-xs-padding-right has-md-margin-top has-md-margin-bottom\" style=\"background-color:#2f5d55;min-height:200px;aspect-ratio:unset;\"><img loading=\"lazy\" decoding=\"async\" width=\"138\" height=\"300\" sizes=\"auto, (max-width: 600px) 100vw, 50vw\" srcset=\"https:\/\/www.bodhicharityfoundation.org\/website\/wp-content\/uploads\/2021\/06\/what-have-we-done-138x300.jpg 138w, https:\/\/www.bodhicharityfoundation.org\/website\/wp-content\/uploads\/2021\/06\/what-have-we-done-472x1024.jpg 472w, https:\/\/www.bodhicharityfoundation.org\/website\/wp-content\/uploads\/2021\/06\/what-have-we-done.jpg 640w\" class=\"wp-block-cover__image-background wp-image-1408\" alt=\"\" src=\"https:\/\/www.bodhicharityfoundation.org\/website\/wp-content\/uploads\/2021\/06\/what-have-we-done-138x300.jpg\" style=\"--object-position:43% 30%\" data-object-fit=\"cover\" data-object-position=\"43% 30%\"><div class=\"wp-block-cover__inner-container is-layout-flow wp-block-cover-is-layout-flow\">\n<p class=\"has-text-align-center has-custom-1-color has-text-color has-lg-font-size\"><strong><a href=\"https:\/\/www.bodhicharityfoundation.org\/website\/vi\/xoa-doi-giam-ngheo\/\"><strong>X&Oacute;A &#272;&Oacute;I GI&#7842;M NGH&Egrave;O<\/strong><\/a><\/strong><\/p>\n\n\n\n<p class=\"has-text-align-center\">Gi&uacute;p gi&#7843;m b&#7899;t &#273;au kh&#7893;<\/p>\n<\/div><\/div>\n\n\n\n\n<\/div>\n<\/div>\n\n\n\n<div class=\"wp-block-group alignfull has-md-content-width has-xxl-margin-top\"><div class=\"wp-block-group__inner-container is-layout-flow wp-block-group-is-layout-flow\">\n<h2 class=\"has-text-align-center wp-block-heading\">T&#7863;ng Online<\/h2>\n\n\n\n<p class=\"has-xs-max-width\">S&#7921; &#273;&oacute;ng g&oacute;p c&#7911;a b&#7841;n cho H&#7897;i H&#432;&#7899;ng Thi&#7879;n B&#7891; &#272;&#7875; s&#7869; gi&uacute;p ch&uacute;ng t&ocirc;i ph&#7909;c v&#7909; nh&#7919;ng ng&#432;&#7901;i ngh&egrave;o kh&oacute; nh&#7845;t.<\/p>\n\n\n\n\n<div class=\"wp-block-buttons alignfull is-content-justification-center is-layout-flex wp-block-buttons-is-layout-flex\">\n<div class=\"wp-block-button is-style-default\"><a class=\"wp-block-button__link button\" href=\"https:\/\/www.bodhicharityfoundation.org\/website\/vi\/tng\/\">T&#7862;NG K&Egrave;M TI&#7872;N T&#7878;<\/a><\/div>\n<\/div>\n<\/div><\/div>\n\n\n\n\n\n<div class=\"wp-block-group has-md-content-width has-xxl-margin-top\"><div class=\"wp-block-group__inner-container is-layout-flow wp-block-group-is-layout-flow\">\n<h2 class=\"has-text-align-center wp-block-heading\">T&agrave;i Tr&#7907; T&#7853;p &#272;o&agrave;n<\/h2>\n\n\n\n<p class=\"has-text-align-left has-xs-max-width\"><strong>Xin H&atilde;y Gi&uacute;p Ng&#432;&#7901;i B&#7899;t Kh&#7893; B&#7857;ng S&#432; &#272;&oacute;ng G&oacute;p &#272;&#432;&#7907;c Mi&#7877;n Thu&#7871;<\/strong><\/p>\n\n\n\n\n<p class=\"has-text-align-left has-xs-max-width\">Tham gia v&agrave;o c&aacute;c quan h&#7879; &#273;&#7889;i t&aacute;c c&oacute; &yacute; ngh&#297;a &#273;&#7875; h&#7895; tr&#7907; m&#7909;c &#273;&iacute;ch c&#7911;a H&#7897;i H&#432;&#7899;ng Thi&#7879;n B&#7891; &#272;&#7873;. Xin g&#7885;i &#273;i&#7879;n tho&#7841;i cho ch&uacute;ng t&ocirc;i &#273;&#7873; &#273;&#7875; th&#7843;o lu&#7853;n v&#7873; c&aacute;c l&#7921;a ch&#7885;n ph&ugrave; h&#7907;p nh&#7845;t v&#7899;i c&ocirc;ng ty c&#7911;a b&#7841;n ho&#7863;c &#273;&oacute;ng g&oacute;p tr&#7921;c tuy&#7871;n.<\/p>\n\n<\/div><\/div>\n\n\n\n\n\n<p class=\"has-text-align-center\"><a href=\"tel:\/\/1-669-250-4114\">(669) 250-4114<\/a><\/p>\n\n\n\n<div class=\"wp-block-buttons is-content-justification-center is-layout-flex wp-block-buttons-is-layout-flex\">\n<div class=\"wp-block-button\"><a class=\"wp-block-button__link button\" href=\"https:\/\/www.bodhicharityfoundation.org\/website\/vi\/tai-tro-tap-doan\/\">DOANH NGHI\u1ec6P DONATION<\/a><\/div>\n<\/div>\n\n\n\n<p class=\"has-text-align-center has-sm-margin-top has-lg-margin-bottom\"><\/p>\n\n<\/div>\n<\/div>\n\n\n\n<p class=\"has-text-align-center has-sm-font-size has-xl-margin-top\">H&#7897;i H&#432;&#7899;ng Thi&#7879;n B&#7891; &#272;&#7873; l&agrave; m&#7897;t t&#7893; ch&#7913;c t&#7915; thi&#7879;n b&#7845;t v&#7909; l&#7907;i 501(c)(3) &#273;&#432;&#7907;c mi&#7877;n thu&#7871; c&#7911;a Li&ecirc;n bang v&agrave; Ti&#7875;u bang California, Tax ID # 83-2391908.<\/p>\n\n","protected":false},"excerpt":{"rendered":"<p>\u0110\u00d3NG G\u00d3P Trong nh&#7919;ng l&uacute;c kh&oacute; kh&#259;n n&agrave;y, ch&uacute;ng t&ocirc;i m&#7899;i th&#7845;m nhu&#7847;n c&acirc;u t&#7909;c ng&#7919; Vi&#7879;t Nam &#273;&atilde; &#259;n s&acirc;u v&agrave;o c&#7897;i ngu&#7891;n v&#259;n h&oacute;a &#273;&#7847;y t&iacute;nh nh&acirc;n v&#259;n c&#7911;a ng&#432;&#7901;i con Vi&#7879;t: &#8220;L\u00c1 L\u00c0NH \u0110\u00d9M L\u00c1 R\u00c1CH&#8221; T&Igrave;NH NGUY&#7878;N Xin gia nh&#7853;p m&#7897;t t&#7893; ch&#7913;c ho&agrave;n to&agrave;n t&#7921; nguy&#7879;n kh&ocirc;ng l&#432;&#417;ng c&#7911;a ch&uacute;ng &hellip;<\/p>\n","protected":false},"author":6,"featured_media":0,"parent":0,"menu_order":0,"comment_status":"closed","ping_status":"closed","template":"","meta":{"_genesis_hide_title":false,"_genesis_hide_breadcrumbs":false,"_genesis_hide_singular_image":false,"_genesis_hide_footer_widgets":false,"_genesis_custom_body_class":"","_genesis_custom_post_class":"","_genesis_layout":"","footnotes":""},"class_list":{"1":"page","2":"type-page","5":"entry"},"yoast_head":"<!-- This site is optimized with the Yoast SEO plugin v23.0 - https:\/\/yoast.com\/wordpress\/plugins\/seo\/ -->\n<title>\u0110\u00d3NG G\u00d3P - Bodhi Charity Foundation<\/title>\n<meta name=\"description\" content=\"Join our completely volunteer organization made up of gracious people like your self. During these difficult times, we have come to understand the meaning of\" \/>\n<meta name=\"robots\" content=\"index, follow, max-snippet:-1, max-image-preview:large, max-video-preview:-1\" \/>\n<link rel=\"canonical\" href=\"https:\/\/www.bodhicharityfoundation.org\/website\/vi\/dong-gop\/\" \/>\n<meta property=\"og:locale\" content=\"en_US\" \/>\n<meta property=\"og:type\" content=\"article\" \/>\n<meta property=\"og:title\" content=\"\u0110\u00d3NG G\u00d3P - Bodhi Charity Foundation\" \/>\n<meta property=\"og:description\" content=\"Join our completely volunteer organization made up of gracious people like your self. During these difficult times, we have come to understand the meaning of\" \/>\n<meta property=\"og:url\" content=\"https:\/\/www.bodhicharityfoundation.org\/website\/vi\/dong-gop\/\" \/>\n<meta property=\"og:site_name\" content=\"Bodhi Charity Foundation\" \/>\n<meta property=\"article:modified_time\" content=\"2021-07-05T17:22:12+00:00\" \/>\n<meta property=\"og:image\" content=\"https:\/\/www.bodhicharityfoundation.org\/website\/wp-content\/uploads\/2021\/06\/gentle-lady-afternoonlight.jpg\" \/>\n<meta name=\"twitter:card\" content=\"summary_large_image\" \/>\n<meta name=\"twitter:label1\" content=\"Est. reading time\" \/>\n\t<meta name=\"twitter:data1\" content=\"2 minutes\" \/>\n<script type=\"application\/ld+json\" class=\"yoast-schema-graph\">{\"@context\":\"https:\/\/schema.org\",\"@graph\":[{\"@type\":\"WebPage\",\"@id\":\"https:\/\/www.bodhicharityfoundation.org\/website\/vi\/dong-gop\/\",\"url\":\"https:\/\/www.bodhicharityfoundation.org\/website\/vi\/dong-gop\/\",\"name\":\"\u0110\u00d3NG G\u00d3P - Bodhi Charity Foundation\",\"isPartOf\":{\"@id\":\"https:\/\/www.bodhicharityfoundation.org\/website\/#website\"},\"primaryImageOfPage\":{\"@id\":\"https:\/\/www.bodhicharityfoundation.org\/website\/vi\/dong-gop\/#primaryimage\"},\"image\":{\"@id\":\"https:\/\/www.bodhicharityfoundation.org\/website\/vi\/dong-gop\/#primaryimage\"},\"thumbnailUrl\":\"https:\/\/www.bodhicharityfoundation.org\/website\/wp-content\/uploads\/2021\/06\/gentle-lady-afternoonlight.jpg\",\"datePublished\":\"2021-06-26T23:16:39+00:00\",\"dateModified\":\"2021-07-05T17:22:12+00:00\",\"description\":\"Join our completely volunteer organization made up of gracious people like your self. During these difficult times, we have come to understand the meaning of\",\"breadcrumb\":{\"@id\":\"https:\/\/www.bodhicharityfoundation.org\/website\/vi\/dong-gop\/#breadcrumb\"},\"inLanguage\":\"en-US\",\"potentialAction\":[{\"@type\":\"ReadAction\",\"target\":[\"https:\/\/www.bodhicharityfoundation.org\/website\/vi\/dong-gop\/\"]}]},{\"@type\":\"ImageObject\",\"inLanguage\":\"en-US\",\"@id\":\"https:\/\/www.bodhicharityfoundation.org\/website\/vi\/dong-gop\/#primaryimage\",\"url\":\"https:\/\/www.bodhicharityfoundation.org\/website\/wp-content\/uploads\/2021\/06\/gentle-lady-afternoonlight.jpg\",\"contentUrl\":\"https:\/\/www.bodhicharityfoundation.org\/website\/wp-content\/uploads\/2021\/06\/gentle-lady-afternoonlight.jpg\",\"width\":2048,\"height\":1536,\"caption\":\"Elderly Shut-in and alone\"},{\"@type\":\"BreadcrumbList\",\"@id\":\"https:\/\/www.bodhicharityfoundation.org\/website\/vi\/dong-gop\/#breadcrumb\",\"itemListElement\":[{\"@type\":\"ListItem\",\"position\":1,\"name\":\"Home\",\"item\":\"https:\/\/www.bodhicharityfoundation.org\/website\/\"},{\"@type\":\"ListItem\",\"position\":2,\"name\":\"\u0110\u00d3NG G\u00d3P\"}]},{\"@type\":\"WebSite\",\"@id\":\"https:\/\/www.bodhicharityfoundation.org\/website\/#website\",\"url\":\"https:\/\/www.bodhicharityfoundation.org\/website\/\",\"name\":\"Bodhi Charity Foundation\",\"description\":\"Help to Heal. Give Hope. Change a Life.\",\"publisher\":{\"@id\":\"https:\/\/www.bodhicharityfoundation.org\/website\/#organization\"},\"potentialAction\":[{\"@type\":\"SearchAction\",\"target\":{\"@type\":\"EntryPoint\",\"urlTemplate\":\"https:\/\/www.bodhicharityfoundation.org\/website\/?s={search_term_string}\"},\"query-input\":\"required name=search_term_string\"}],\"inLanguage\":\"en-US\"},{\"@type\":\"Organization\",\"@id\":\"https:\/\/www.bodhicharityfoundation.org\/website\/#organization\",\"name\":\"Bodhi Charity Foundation\",\"url\":\"https:\/\/www.bodhicharityfoundation.org\/website\/\",\"logo\":{\"@type\":\"ImageObject\",\"inLanguage\":\"en-US\",\"@id\":\"https:\/\/www.bodhicharityfoundation.org\/website\/#\/schema\/logo\/image\/\",\"url\":\"https:\/\/www.bodhicharityfoundation.org\/website\/wp-content\/uploads\/2021\/06\/BCF-Logo-header-clear-heart.png\",\"contentUrl\":\"https:\/\/www.bodhicharityfoundation.org\/website\/wp-content\/uploads\/2021\/06\/BCF-Logo-header-clear-heart.png\",\"width\":451,\"height\":225,\"caption\":\"Bodhi Charity Foundation\"},\"image\":{\"@id\":\"https:\/\/www.bodhicharityfoundation.org\/website\/#\/schema\/logo\/image\/\"}}]}<\/script>\n<!-- \/ Yoast SEO plugin. -->","yoast_head_json":{"title":"\u0110\u00d3NG G\u00d3P - Bodhi Charity Foundation","description":"Join our completely volunteer organization made up of gracious people like your self. During these difficult times, we have come to understand the meaning of","robots":{"index":"index","follow":"follow","max-snippet":"max-snippet:-1","max-image-preview":"max-image-preview:large","max-video-preview":"max-video-preview:-1"},"canonical":"https:\/\/www.bodhicharityfoundation.org\/website\/vi\/dong-gop\/","og_locale":"en_US","og_type":"article","og_title":"\u0110\u00d3NG G\u00d3P - Bodhi Charity Foundation","og_description":"Join our completely volunteer organization made up of gracious people like your self. During these difficult times, we have come to understand the meaning of","og_url":"https:\/\/www.bodhicharityfoundation.org\/website\/vi\/dong-gop\/","og_site_name":"Bodhi Charity Foundation","article_modified_time":"2021-07-05T17:22:12+00:00","og_image":[{"url":"https:\/\/www.bodhicharityfoundation.org\/website\/wp-content\/uploads\/2021\/06\/gentle-lady-afternoonlight.jpg"}],"twitter_card":"summary_large_image","twitter_misc":{"Est. reading time":"2 minutes"},"schema":{"@context":"https:\/\/schema.org","@graph":[{"@type":"WebPage","@id":"https:\/\/www.bodhicharityfoundation.org\/website\/vi\/dong-gop\/","url":"https:\/\/www.bodhicharityfoundation.org\/website\/vi\/dong-gop\/","name":"\u0110\u00d3NG G\u00d3P - Bodhi Charity Foundation","isPartOf":{"@id":"https:\/\/www.bodhicharityfoundation.org\/website\/#website"},"primaryImageOfPage":{"@id":"https:\/\/www.bodhicharityfoundation.org\/website\/vi\/dong-gop\/#primaryimage"},"image":{"@id":"https:\/\/www.bodhicharityfoundation.org\/website\/vi\/dong-gop\/#primaryimage"},"thumbnailUrl":"https:\/\/www.bodhicharityfoundation.org\/website\/wp-content\/uploads\/2021\/06\/gentle-lady-afternoonlight.jpg","datePublished":"2021-06-26T23:16:39+00:00","dateModified":"2021-07-05T17:22:12+00:00","description":"Join our completely volunteer organization made up of gracious people like your self. During these difficult times, we have come to understand the meaning of","breadcrumb":{"@id":"https:\/\/www.bodhicharityfoundation.org\/website\/vi\/dong-gop\/#breadcrumb"},"inLanguage":"en-US","potentialAction":[{"@type":"ReadAction","target":["https:\/\/www.bodhicharityfoundation.org\/website\/vi\/dong-gop\/"]}]},{"@type":"ImageObject","inLanguage":"en-US","@id":"https:\/\/www.bodhicharityfoundation.org\/website\/vi\/dong-gop\/#primaryimage","url":"https:\/\/www.bodhicharityfoundation.org\/website\/wp-content\/uploads\/2021\/06\/gentle-lady-afternoonlight.jpg","contentUrl":"https:\/\/www.bodhicharityfoundation.org\/website\/wp-content\/uploads\/2021\/06\/gentle-lady-afternoonlight.jpg","width":2048,"height":1536,"caption":"Elderly Shut-in and alone"},{"@type":"BreadcrumbList","@id":"https:\/\/www.bodhicharityfoundation.org\/website\/vi\/dong-gop\/#breadcrumb","itemListElement":[{"@type":"ListItem","position":1,"name":"Home","item":"https:\/\/www.bodhicharityfoundation.org\/website\/"},{"@type":"ListItem","position":2,"name":"\u0110\u00d3NG G\u00d3P"}]},{"@type":"WebSite","@id":"https:\/\/www.bodhicharityfoundation.org\/website\/#website","url":"https:\/\/www.bodhicharityfoundation.org\/website\/","name":"Bodhi Charity Foundation","description":"Help to Heal. Give Hope. Change a Life.","publisher":{"@id":"https:\/\/www.bodhicharityfoundation.org\/website\/#organization"},"potentialAction":[{"@type":"SearchAction","target":{"@type":"EntryPoint","urlTemplate":"https:\/\/www.bodhicharityfoundation.org\/website\/?s={search_term_string}"},"query-input":"required name=search_term_string"}],"inLanguage":"en-US"},{"@type":"Organization","@id":"https:\/\/www.bodhicharityfoundation.org\/website\/#organization","name":"Bodhi Charity Foundation","url":"https:\/\/www.bodhicharityfoundation.org\/website\/","logo":{"@type":"ImageObject","inLanguage":"en-US","@id":"https:\/\/www.bodhicharityfoundation.org\/website\/#\/schema\/logo\/image\/","url":"https:\/\/www.bodhicharityfoundation.org\/website\/wp-content\/uploads\/2021\/06\/BCF-Logo-header-clear-heart.png","contentUrl":"https:\/\/www.bodhicharityfoundation.org\/website\/wp-content\/uploads\/2021\/06\/BCF-Logo-header-clear-heart.png","width":451,"height":225,"caption":"Bodhi Charity Foundation"},"image":{"@id":"https:\/\/www.bodhicharityfoundation.org\/website\/#\/schema\/logo\/image\/"}}]}},"acf":[],"_links":{"self":[{"href":"https:\/\/www.bodhicharityfoundation.org\/website\/wp-json\/wp\/v2\/pages\/1731","targetHints":{"allow":["GET"]}}],"collection":[{"href":"https:\/\/www.bodhicharityfoundation.org\/website\/wp-json\/wp\/v2\/pages"}],"about":[{"href":"https:\/\/www.bodhicharityfoundation.org\/website\/wp-json\/wp\/v2\/types\/page"}],"author":[{"embeddable":true,"href":"https:\/\/www.bodhicharityfoundation.org\/website\/wp-json\/wp\/v2\/users\/6"}],"replies":[{"embeddable":true,"href":"https:\/\/www.bodhicharityfoundation.org\/website\/wp-json\/wp\/v2\/comments?post=1731"}],"version-history":[{"count":11,"href":"https:\/\/www.bodhicharityfoundation.org\/website\/wp-json\/wp\/v2\/pages\/1731\/revisions"}],"predecessor-version":[{"id":1963,"href":"https:\/\/www.bodhicharityfoundation.org\/website\/wp-json\/wp\/v2\/pages\/1731\/revisions\/1963"}],"wp:attachment":[{"href":"https:\/\/www.bodhicharityfoundation.org\/website\/wp-json\/wp\/v2\/media?parent=1731"}],"curies":[{"name":"wp","href":"https:\/\/api.w.org\/{rel}","templated":true}]}}