{"id":1759,"date":"2021-06-27T03:15:18","date_gmt":"2021-06-27T03:15:18","guid":{"rendered":"https:\/\/www.bodhicharityfoundation.org\/website\/?page_id=1759"},"modified":"2021-07-05T17:16:02","modified_gmt":"2021-07-05T17:16:02","slug":"xoa-doi-giam-ngheo","status":"publish","type":"page","link":"https:\/\/www.bodhicharityfoundation.org\/website\/vi\/xoa-doi-giam-ngheo\/","title":{"rendered":"X\u00d3A \u0110\u00d3I GI\u1ea2M NGH\u00c8O"},"content":{"rendered":"\n<div class=\"wp-block-cover alignfull\" style=\"min-height:266px;aspect-ratio:unset;\"><img loading=\"lazy\" decoding=\"async\" width=\"225\" height=\"300\" sizes=\"auto, 100vw\" srcset=\"https:\/\/www.bodhicharityfoundation.org\/website\/wp-content\/uploads\/2021\/05\/the-poor-houses-225x300.jpg 225w, https:\/\/www.bodhicharityfoundation.org\/website\/wp-content\/uploads\/2021\/05\/the-poor-houses-767x1024.jpg 767w, https:\/\/www.bodhicharityfoundation.org\/website\/wp-content\/uploads\/2021\/05\/the-poor-houses-768x1025.jpg 768w, https:\/\/www.bodhicharityfoundation.org\/website\/wp-content\/uploads\/2021\/05\/the-poor-houses.jpg 956w\" class=\"wp-block-cover__image-background wp-image-261\" alt=\"\" src=\"https:\/\/www.bodhicharityfoundation.org\/website\/wp-content\/uploads\/2021\/05\/the-poor-houses-225x300.jpg\" style=\"--object-position:43% 58%\" data-object-fit=\"cover\" data-object-position=\"43% 58%\"\/><div class=\"wp-block-cover__inner-container is-layout-flow wp-block-cover-is-layout-flow\">\n<p class=\"has-text-align-center has-large-font-size\"><\/p>\n<\/div><\/div>\n\n\n\n<div style=\"\" class=\"wp-block-cover alignfull has-background-dim-60 has-custom-1-background-color has-background-dim has-sm-padding-top has-sm-padding-bottom has-xs-padding-left has-xs-padding-right\"><img loading=\"lazy\" decoding=\"async\" width=\"300\" height=\"200\" sizes=\"auto, 100vw\" srcset=\"https:\/\/www.bodhicharityfoundation.org\/website\/wp-content\/uploads\/2021\/06\/heather-300x200.jpg 300w, https:\/\/www.bodhicharityfoundation.org\/website\/wp-content\/uploads\/2021\/06\/heather-768x512.jpg 768w, https:\/\/www.bodhicharityfoundation.org\/website\/wp-content\/uploads\/2021\/06\/heather-1024x683.jpg 1024w, https:\/\/www.bodhicharityfoundation.org\/website\/wp-content\/uploads\/2021\/06\/heather-1536x1024.jpg 1536w, https:\/\/www.bodhicharityfoundation.org\/website\/wp-content\/uploads\/2021\/06\/heather.jpg 1732w\" class=\"wp-block-cover__image-background wp-image-1509\" alt=\"\" src=\"https:\/\/www.bodhicharityfoundation.org\/website\/wp-content\/uploads\/2021\/06\/heather-300x200.jpg\" data-object-fit=\"cover\"><div class=\"wp-block-cover__inner-container is-layout-flow wp-block-cover-is-layout-flow\">\n<h1 class=\"has-text-align-center has-heading-color has-text-color wp-block-heading\"><strong>X&Oacute;A &#272;&Oacute;I GI&#7842;M NGH&Egrave;O<\/strong><\/h1>\n\n\n\n<h2 class=\"has-text-align-center has-heading-color has-text-color wp-block-heading has-md-max-width\">Kho&#7843;n &#273;&oacute;ng g&oacute;p h&agrave;ng th&aacute;ng $10 c&oacute; th&#7875; mua 20 b&#7919;a &#259;n cho ng&#432;&#7901;i ngh&egrave;o ho&#7863;c m&#7897;t bao g&#7841;o 30 lb &#273;&#7875; nu&ocirc;i m&#7897;t gia &#273;&igrave;nh 4 ng&#432;&#7901;i trong m&#7897;t tu&#7847;n<\/h2>\n\n\n\n\n<div class=\"wp-block-buttons is-content-justification-center is-layout-flex wp-block-buttons-is-layout-flex\">\n<div class=\"wp-block-button\"><a class=\"wp-block-button__link button\" href=\"https:\/\/www.bodhicharityfoundation.org\/website\/sponsorship-donations\/\">X&Oacute;A &#272;&Oacute;I GI&#7842;M NGH&Egrave;O<\/a><\/div>\n<\/div>\n\n\n\n<h4 class=\"has-text-align-center has-link-color has-text-color wp-block-heading\">$10 tr&#7843; t&#7921; &#273;&#7897;ng h&agrave;ng th&aacute;ng<\/h4>\n<\/div><\/div>\n\n","protected":false},"excerpt":{"rendered":"","protected":false},"author":6,"featured_media":261,"parent":0,"menu_order":0,"comment_status":"closed","ping_status":"closed","template":"","meta":{"_genesis_hide_title":false,"_genesis_hide_breadcrumbs":false,"_genesis_hide_singular_image":false,"_genesis_hide_footer_widgets":false,"_genesis_custom_body_class":"","_genesis_custom_post_class":"","_genesis_layout":"","footnotes":""},"class_list":{"1":"page","2":"type-page","6":"entry"},"yoast_head":"<!-- This site is optimized with the Yoast SEO plugin v23.0 - https:\/\/yoast.com\/wordpress\/plugins\/seo\/ -->\n<title>X\u00d3A \u0110\u00d3I GI\u1ea2M NGH\u00c8O - Bodhi Charity Foundation<\/title>\n<meta name=\"robots\" content=\"index, follow, max-snippet:-1, max-image-preview:large, max-video-preview:-1\" \/>\n<link rel=\"canonical\" href=\"https:\/\/www.bodhicharityfoundation.org\/website\/vi\/xoa-doi-giam-ngheo\/\" \/>\n<meta property=\"og:locale\" content=\"en_US\" \/>\n<meta property=\"og:type\" content=\"article\" \/>\n<meta property=\"og:title\" content=\"X\u00d3A \u0110\u00d3I GI\u1ea2M NGH\u00c8O - Bodhi Charity Foundation\" \/>\n<meta property=\"og:url\" content=\"https:\/\/www.bodhicharityfoundation.org\/website\/vi\/xoa-doi-giam-ngheo\/\" \/>\n<meta property=\"og:site_name\" content=\"Bodhi Charity Foundation\" \/>\n<meta property=\"article:modified_time\" content=\"2021-07-05T17:16:02+00:00\" \/>\n<meta property=\"og:image\" content=\"https:\/\/www.bodhicharityfoundation.org\/website\/wp-content\/uploads\/2021\/05\/the-poor-houses.jpg\" \/>\n\t<meta property=\"og:image:width\" content=\"956\" \/>\n\t<meta property=\"og:image:height\" content=\"1276\" \/>\n\t<meta property=\"og:image:type\" content=\"image\/jpeg\" \/>\n<meta name=\"twitter:card\" content=\"summary_large_image\" \/>\n<meta name=\"twitter:label1\" content=\"Est. reading time\" \/>\n\t<meta name=\"twitter:data1\" content=\"1 minute\" \/>\n<script type=\"application\/ld+json\" class=\"yoast-schema-graph\">{\"@context\":\"https:\/\/schema.org\",\"@graph\":[{\"@type\":\"WebPage\",\"@id\":\"https:\/\/www.bodhicharityfoundation.org\/website\/vi\/xoa-doi-giam-ngheo\/\",\"url\":\"https:\/\/www.bodhicharityfoundation.org\/website\/vi\/xoa-doi-giam-ngheo\/\",\"name\":\"X\u00d3A \u0110\u00d3I GI\u1ea2M NGH\u00c8O - Bodhi Charity Foundation\",\"isPartOf\":{\"@id\":\"https:\/\/www.bodhicharityfoundation.org\/website\/#website\"},\"primaryImageOfPage\":{\"@id\":\"https:\/\/www.bodhicharityfoundation.org\/website\/vi\/xoa-doi-giam-ngheo\/#primaryimage\"},\"image\":{\"@id\":\"https:\/\/www.bodhicharityfoundation.org\/website\/vi\/xoa-doi-giam-ngheo\/#primaryimage\"},\"thumbnailUrl\":\"https:\/\/www.bodhicharityfoundation.org\/website\/wp-content\/uploads\/2021\/05\/the-poor-houses.jpg\",\"datePublished\":\"2021-06-27T03:15:18+00:00\",\"dateModified\":\"2021-07-05T17:16:02+00:00\",\"breadcrumb\":{\"@id\":\"https:\/\/www.bodhicharityfoundation.org\/website\/vi\/xoa-doi-giam-ngheo\/#breadcrumb\"},\"inLanguage\":\"en-US\",\"potentialAction\":[{\"@type\":\"ReadAction\",\"target\":[\"https:\/\/www.bodhicharityfoundation.org\/website\/vi\/xoa-doi-giam-ngheo\/\"]}]},{\"@type\":\"ImageObject\",\"inLanguage\":\"en-US\",\"@id\":\"https:\/\/www.bodhicharityfoundation.org\/website\/vi\/xoa-doi-giam-ngheo\/#primaryimage\",\"url\":\"https:\/\/www.bodhicharityfoundation.org\/website\/wp-content\/uploads\/2021\/05\/the-poor-houses.jpg\",\"contentUrl\":\"https:\/\/www.bodhicharityfoundation.org\/website\/wp-content\/uploads\/2021\/05\/the-poor-houses.jpg\",\"width\":956,\"height\":1276,\"caption\":\"providing relief to the poor - home in disrepair\"},{\"@type\":\"BreadcrumbList\",\"@id\":\"https:\/\/www.bodhicharityfoundation.org\/website\/vi\/xoa-doi-giam-ngheo\/#breadcrumb\",\"itemListElement\":[{\"@type\":\"ListItem\",\"position\":1,\"name\":\"Home\",\"item\":\"https:\/\/www.bodhicharityfoundation.org\/website\/\"},{\"@type\":\"ListItem\",\"position\":2,\"name\":\"X\u00d3A \u0110\u00d3I GI\u1ea2M NGH\u00c8O\"}]},{\"@type\":\"WebSite\",\"@id\":\"https:\/\/www.bodhicharityfoundation.org\/website\/#website\",\"url\":\"https:\/\/www.bodhicharityfoundation.org\/website\/\",\"name\":\"Bodhi Charity Foundation\",\"description\":\"Help to Heal. Give Hope. Change a Life.\",\"publisher\":{\"@id\":\"https:\/\/www.bodhicharityfoundation.org\/website\/#organization\"},\"potentialAction\":[{\"@type\":\"SearchAction\",\"target\":{\"@type\":\"EntryPoint\",\"urlTemplate\":\"https:\/\/www.bodhicharityfoundation.org\/website\/?s={search_term_string}\"},\"query-input\":\"required name=search_term_string\"}],\"inLanguage\":\"en-US\"},{\"@type\":\"Organization\",\"@id\":\"https:\/\/www.bodhicharityfoundation.org\/website\/#organization\",\"name\":\"Bodhi Charity Foundation\",\"url\":\"https:\/\/www.bodhicharityfoundation.org\/website\/\",\"logo\":{\"@type\":\"ImageObject\",\"inLanguage\":\"en-US\",\"@id\":\"https:\/\/www.bodhicharityfoundation.org\/website\/#\/schema\/logo\/image\/\",\"url\":\"https:\/\/www.bodhicharityfoundation.org\/website\/wp-content\/uploads\/2021\/06\/BCF-Logo-header-clear-heart.png\",\"contentUrl\":\"https:\/\/www.bodhicharityfoundation.org\/website\/wp-content\/uploads\/2021\/06\/BCF-Logo-header-clear-heart.png\",\"width\":451,\"height\":225,\"caption\":\"Bodhi Charity Foundation\"},\"image\":{\"@id\":\"https:\/\/www.bodhicharityfoundation.org\/website\/#\/schema\/logo\/image\/\"}}]}<\/script>\n<!-- \/ Yoast SEO plugin. -->","yoast_head_json":{"title":"X\u00d3A \u0110\u00d3I GI\u1ea2M NGH\u00c8O - Bodhi Charity Foundation","robots":{"index":"index","follow":"follow","max-snippet":"max-snippet:-1","max-image-preview":"max-image-preview:large","max-video-preview":"max-video-preview:-1"},"canonical":"https:\/\/www.bodhicharityfoundation.org\/website\/vi\/xoa-doi-giam-ngheo\/","og_locale":"en_US","og_type":"article","og_title":"X\u00d3A \u0110\u00d3I GI\u1ea2M NGH\u00c8O - Bodhi Charity Foundation","og_url":"https:\/\/www.bodhicharityfoundation.org\/website\/vi\/xoa-doi-giam-ngheo\/","og_site_name":"Bodhi Charity Foundation","article_modified_time":"2021-07-05T17:16:02+00:00","og_image":[{"width":956,"height":1276,"url":"https:\/\/www.bodhicharityfoundation.org\/website\/wp-content\/uploads\/2021\/05\/the-poor-houses.jpg","type":"image\/jpeg"}],"twitter_card":"summary_large_image","twitter_misc":{"Est. reading time":"1 minute"},"schema":{"@context":"https:\/\/schema.org","@graph":[{"@type":"WebPage","@id":"https:\/\/www.bodhicharityfoundation.org\/website\/vi\/xoa-doi-giam-ngheo\/","url":"https:\/\/www.bodhicharityfoundation.org\/website\/vi\/xoa-doi-giam-ngheo\/","name":"X\u00d3A \u0110\u00d3I GI\u1ea2M NGH\u00c8O - Bodhi Charity Foundation","isPartOf":{"@id":"https:\/\/www.bodhicharityfoundation.org\/website\/#website"},"primaryImageOfPage":{"@id":"https:\/\/www.bodhicharityfoundation.org\/website\/vi\/xoa-doi-giam-ngheo\/#primaryimage"},"image":{"@id":"https:\/\/www.bodhicharityfoundation.org\/website\/vi\/xoa-doi-giam-ngheo\/#primaryimage"},"thumbnailUrl":"https:\/\/www.bodhicharityfoundation.org\/website\/wp-content\/uploads\/2021\/05\/the-poor-houses.jpg","datePublished":"2021-06-27T03:15:18+00:00","dateModified":"2021-07-05T17:16:02+00:00","breadcrumb":{"@id":"https:\/\/www.bodhicharityfoundation.org\/website\/vi\/xoa-doi-giam-ngheo\/#breadcrumb"},"inLanguage":"en-US","potentialAction":[{"@type":"ReadAction","target":["https:\/\/www.bodhicharityfoundation.org\/website\/vi\/xoa-doi-giam-ngheo\/"]}]},{"@type":"ImageObject","inLanguage":"en-US","@id":"https:\/\/www.bodhicharityfoundation.org\/website\/vi\/xoa-doi-giam-ngheo\/#primaryimage","url":"https:\/\/www.bodhicharityfoundation.org\/website\/wp-content\/uploads\/2021\/05\/the-poor-houses.jpg","contentUrl":"https:\/\/www.bodhicharityfoundation.org\/website\/wp-content\/uploads\/2021\/05\/the-poor-houses.jpg","width":956,"height":1276,"caption":"providing relief to the poor - home in disrepair"},{"@type":"BreadcrumbList","@id":"https:\/\/www.bodhicharityfoundation.org\/website\/vi\/xoa-doi-giam-ngheo\/#breadcrumb","itemListElement":[{"@type":"ListItem","position":1,"name":"Home","item":"https:\/\/www.bodhicharityfoundation.org\/website\/"},{"@type":"ListItem","position":2,"name":"X\u00d3A \u0110\u00d3I GI\u1ea2M NGH\u00c8O"}]},{"@type":"WebSite","@id":"https:\/\/www.bodhicharityfoundation.org\/website\/#website","url":"https:\/\/www.bodhicharityfoundation.org\/website\/","name":"Bodhi Charity Foundation","description":"Help to Heal. Give Hope. Change a Life.","publisher":{"@id":"https:\/\/www.bodhicharityfoundation.org\/website\/#organization"},"potentialAction":[{"@type":"SearchAction","target":{"@type":"EntryPoint","urlTemplate":"https:\/\/www.bodhicharityfoundation.org\/website\/?s={search_term_string}"},"query-input":"required name=search_term_string"}],"inLanguage":"en-US"},{"@type":"Organization","@id":"https:\/\/www.bodhicharityfoundation.org\/website\/#organization","name":"Bodhi Charity Foundation","url":"https:\/\/www.bodhicharityfoundation.org\/website\/","logo":{"@type":"ImageObject","inLanguage":"en-US","@id":"https:\/\/www.bodhicharityfoundation.org\/website\/#\/schema\/logo\/image\/","url":"https:\/\/www.bodhicharityfoundation.org\/website\/wp-content\/uploads\/2021\/06\/BCF-Logo-header-clear-heart.png","contentUrl":"https:\/\/www.bodhicharityfoundation.org\/website\/wp-content\/uploads\/2021\/06\/BCF-Logo-header-clear-heart.png","width":451,"height":225,"caption":"Bodhi Charity Foundation"},"image":{"@id":"https:\/\/www.bodhicharityfoundation.org\/website\/#\/schema\/logo\/image\/"}}]}},"acf":[],"_links":{"self":[{"href":"https:\/\/www.bodhicharityfoundation.org\/website\/wp-json\/wp\/v2\/pages\/1759","targetHints":{"allow":["GET"]}}],"collection":[{"href":"https:\/\/www.bodhicharityfoundation.org\/website\/wp-json\/wp\/v2\/pages"}],"about":[{"href":"https:\/\/www.bodhicharityfoundation.org\/website\/wp-json\/wp\/v2\/types\/page"}],"author":[{"embeddable":true,"href":"https:\/\/www.bodhicharityfoundation.org\/website\/wp-json\/wp\/v2\/users\/6"}],"replies":[{"embeddable":true,"href":"https:\/\/www.bodhicharityfoundation.org\/website\/wp-json\/wp\/v2\/comments?post=1759"}],"version-history":[{"count":4,"href":"https:\/\/www.bodhicharityfoundation.org\/website\/wp-json\/wp\/v2\/pages\/1759\/revisions"}],"predecessor-version":[{"id":1961,"href":"https:\/\/www.bodhicharityfoundation.org\/website\/wp-json\/wp\/v2\/pages\/1759\/revisions\/1961"}],"wp:featuredmedia":[{"embeddable":true,"href":"https:\/\/www.bodhicharityfoundation.org\/website\/wp-json\/wp\/v2\/media\/261"}],"wp:attachment":[{"href":"https:\/\/www.bodhicharityfoundation.org\/website\/wp-json\/wp\/v2\/media?parent=1759"}],"curies":[{"name":"wp","href":"https:\/\/api.w.org\/{rel}","templated":true}]}}