{"id":2170,"date":"2023-03-19T06:14:18","date_gmt":"2023-03-19T06:14:18","guid":{"rendered":"https:\/\/www.bodhicharityfoundation.org\/website\/?page_id=2170"},"modified":"2025-08-27T19:14:02","modified_gmt":"2025-08-27T19:14:02","slug":"phan-trang","status":"publish","type":"page","link":"https:\/\/www.bodhicharityfoundation.org\/website\/vi\/phan-trang\/","title":{"rendered":"Phan Trang"},"content":{"rendered":"\n<p><em>Trang <em>l\u00e0 th\u00e0nh vi\u00ean h\u1ed9i \u0111\u1ed3ng qu\u1ea3n tr\u1ecb<\/em><\/em> c\u1ee7a<em> H\u1ed9i H\u01b0\u1edbng Thi\u1ec7n B\u1ed3 \u0110\u1ec1 t\u1eeb n\u0103m 2022. Tr\u01b0\u1edbc \u0111\u00f3, c\u00e1 nh\u00e2n Trang \u0111\u00e3 t\u1eebng g\u00e2y qu\u1ef9 gi\u00fap \u0111\u1ee1 n\u1ea1n nh\u00e2n Covid v\u00e0 l\u0169 l\u1ee5t t\u1ea1i Hu\u1ebf, v\u00e0 l\u00e0 t\u00ecnh nguy\u1ec7n vi\u00ean cho c\u00e1c t\u1ed5 ch\u1ee9c t\u1eeb thi\u1ec7n kh\u00e1c. Trang c\u00f3 b\u1eb1ng Ti\u1ebfn s\u0129 v\u1ec1 \u1ee9ng d\u1ee5ng c\u00f4ng ngh\u1ec7 trong gi\u00e1o d\u1ee5c t\u1ea1i tr\u01b0\u1eddng \u0111\u1ea1i h\u1ecdc Houston v\u00e0 hi\u1ec7n \u0111ang l\u00e0 ph\u00f3 gi\u00e1o s\u01b0 t\u1ea1i tr\u01b0\u1eddng \u0111\u1ea1i h\u1ecdc Fresno, Hoa K\u1ef3! Trang r\u1ea5t g\u1ea7n g\u0169i v\u1edbi thi\u00ean nhi\u00ean. S\u1edf th\u00edch c\u1ee7a c\u00f4 \u1ea5y g\u1ed3m \u0111\u1ea1p xe \u0111\u1ea1p \u0111\u01b0\u1eddng d\u00e0i v\u00e0 leo n\u00fai. Ngo\u00e0i ra, Trang th\u00edch b\u01a1i l\u1ed9i, yoga, nh\u1ea3y zumba v\u00e0 \u0111\u1ecdc s\u00e1ch trong th\u1eddi gian r\u00e3nh!<\/em><\/p>\n","protected":false},"excerpt":{"rendered":"<p>Trang l\u00e0 th\u00e0nh vi\u00ean h\u1ed9i \u0111\u1ed3ng qu\u1ea3n tr\u1ecb c\u1ee7a H\u1ed9i H\u01b0\u1edbng Thi\u1ec7n B\u1ed3 \u0110\u1ec1 t\u1eeb n\u0103m 2022. Tr\u01b0\u1edbc \u0111\u00f3, c\u00e1 nh\u00e2n Trang \u0111\u00e3 t\u1eebng g\u00e2y qu\u1ef9 gi\u00fap \u0111\u1ee1 n\u1ea1n nh\u00e2n Covid v\u00e0 l\u0169 l\u1ee5t t\u1ea1i Hu\u1ebf, v\u00e0 l\u00e0 t\u00ecnh nguy\u1ec7n vi\u00ean cho c\u00e1c t\u1ed5 ch\u1ee9c t\u1eeb thi\u1ec7n kh\u00e1c. Trang c\u00f3 b\u1eb1ng Ti\u1ebfn s\u0129 v\u1ec1 \u1ee9ng &hellip;<\/p>\n","protected":false},"author":6,"featured_media":0,"parent":0,"menu_order":0,"comment_status":"closed","ping_status":"closed","template":"","meta":{"_genesis_hide_title":false,"_genesis_hide_breadcrumbs":false,"_genesis_hide_singular_image":false,"_genesis_hide_footer_widgets":false,"_genesis_custom_body_class":"","_genesis_custom_post_class":"","_genesis_layout":"","footnotes":""},"class_list":{"1":"page","2":"type-page","5":"entry"},"yoast_head":"<!-- This site is optimized with the Yoast SEO plugin v23.0 - https:\/\/yoast.com\/wordpress\/plugins\/seo\/ -->\n<title>Phan Trang - Bodhi Charity Foundation<\/title>\n<meta name=\"robots\" content=\"index, follow, max-snippet:-1, max-image-preview:large, max-video-preview:-1\" \/>\n<link rel=\"canonical\" href=\"https:\/\/www.bodhicharityfoundation.org\/website\/vi\/phan-trang\/\" \/>\n<meta property=\"og:locale\" content=\"en_US\" \/>\n<meta property=\"og:type\" content=\"article\" \/>\n<meta property=\"og:title\" content=\"Phan Trang - Bodhi Charity Foundation\" \/>\n<meta property=\"og:description\" content=\"Trang l\u00e0 th\u00e0nh vi\u00ean h\u1ed9i \u0111\u1ed3ng qu\u1ea3n tr\u1ecb c\u1ee7a H\u1ed9i H\u01b0\u1edbng Thi\u1ec7n B\u1ed3 \u0110\u1ec1 t\u1eeb n\u0103m 2022. Tr\u01b0\u1edbc \u0111\u00f3, c\u00e1 nh\u00e2n Trang \u0111\u00e3 t\u1eebng g\u00e2y qu\u1ef9 gi\u00fap \u0111\u1ee1 n\u1ea1n nh\u00e2n Covid v\u00e0 l\u0169 l\u1ee5t t\u1ea1i Hu\u1ebf, v\u00e0 l\u00e0 t\u00ecnh nguy\u1ec7n vi\u00ean cho c\u00e1c t\u1ed5 ch\u1ee9c t\u1eeb thi\u1ec7n kh\u00e1c. Trang c\u00f3 b\u1eb1ng Ti\u1ebfn s\u0129 v\u1ec1 \u1ee9ng &hellip;\" \/>\n<meta property=\"og:url\" content=\"https:\/\/www.bodhicharityfoundation.org\/website\/vi\/phan-trang\/\" \/>\n<meta property=\"og:site_name\" content=\"Bodhi Charity Foundation\" \/>\n<meta property=\"article:modified_time\" content=\"2025-08-27T19:14:02+00:00\" \/>\n<meta name=\"twitter:card\" content=\"summary_large_image\" \/>\n<meta name=\"twitter:label1\" content=\"Est. reading time\" \/>\n\t<meta name=\"twitter:data1\" content=\"1 minute\" \/>\n<script type=\"application\/ld+json\" class=\"yoast-schema-graph\">{\"@context\":\"https:\/\/schema.org\",\"@graph\":[{\"@type\":\"WebPage\",\"@id\":\"https:\/\/www.bodhicharityfoundation.org\/website\/vi\/phan-trang\/\",\"url\":\"https:\/\/www.bodhicharityfoundation.org\/website\/vi\/phan-trang\/\",\"name\":\"Phan Trang - Bodhi Charity Foundation\",\"isPartOf\":{\"@id\":\"https:\/\/www.bodhicharityfoundation.org\/website\/#website\"},\"datePublished\":\"2023-03-19T06:14:18+00:00\",\"dateModified\":\"2025-08-27T19:14:02+00:00\",\"breadcrumb\":{\"@id\":\"https:\/\/www.bodhicharityfoundation.org\/website\/vi\/phan-trang\/#breadcrumb\"},\"inLanguage\":\"en-US\",\"potentialAction\":[{\"@type\":\"ReadAction\",\"target\":[\"https:\/\/www.bodhicharityfoundation.org\/website\/vi\/phan-trang\/\"]}]},{\"@type\":\"BreadcrumbList\",\"@id\":\"https:\/\/www.bodhicharityfoundation.org\/website\/vi\/phan-trang\/#breadcrumb\",\"itemListElement\":[{\"@type\":\"ListItem\",\"position\":1,\"name\":\"Home\",\"item\":\"https:\/\/www.bodhicharityfoundation.org\/website\/\"},{\"@type\":\"ListItem\",\"position\":2,\"name\":\"Phan Trang\"}]},{\"@type\":\"WebSite\",\"@id\":\"https:\/\/www.bodhicharityfoundation.org\/website\/#website\",\"url\":\"https:\/\/www.bodhicharityfoundation.org\/website\/\",\"name\":\"Bodhi Charity Foundation\",\"description\":\"Help to Heal. Give Hope. Change a Life.\",\"publisher\":{\"@id\":\"https:\/\/www.bodhicharityfoundation.org\/website\/#organization\"},\"potentialAction\":[{\"@type\":\"SearchAction\",\"target\":{\"@type\":\"EntryPoint\",\"urlTemplate\":\"https:\/\/www.bodhicharityfoundation.org\/website\/?s={search_term_string}\"},\"query-input\":\"required name=search_term_string\"}],\"inLanguage\":\"en-US\"},{\"@type\":\"Organization\",\"@id\":\"https:\/\/www.bodhicharityfoundation.org\/website\/#organization\",\"name\":\"Bodhi Charity Foundation\",\"url\":\"https:\/\/www.bodhicharityfoundation.org\/website\/\",\"logo\":{\"@type\":\"ImageObject\",\"inLanguage\":\"en-US\",\"@id\":\"https:\/\/www.bodhicharityfoundation.org\/website\/#\/schema\/logo\/image\/\",\"url\":\"https:\/\/www.bodhicharityfoundation.org\/website\/wp-content\/uploads\/2021\/06\/BCF-Logo-header-clear-heart.png\",\"contentUrl\":\"https:\/\/www.bodhicharityfoundation.org\/website\/wp-content\/uploads\/2021\/06\/BCF-Logo-header-clear-heart.png\",\"width\":451,\"height\":225,\"caption\":\"Bodhi Charity Foundation\"},\"image\":{\"@id\":\"https:\/\/www.bodhicharityfoundation.org\/website\/#\/schema\/logo\/image\/\"}}]}<\/script>\n<!-- \/ Yoast SEO plugin. -->","yoast_head_json":{"title":"Phan Trang - Bodhi Charity Foundation","robots":{"index":"index","follow":"follow","max-snippet":"max-snippet:-1","max-image-preview":"max-image-preview:large","max-video-preview":"max-video-preview:-1"},"canonical":"https:\/\/www.bodhicharityfoundation.org\/website\/vi\/phan-trang\/","og_locale":"en_US","og_type":"article","og_title":"Phan Trang - Bodhi Charity Foundation","og_description":"Trang l\u00e0 th\u00e0nh vi\u00ean h\u1ed9i \u0111\u1ed3ng qu\u1ea3n tr\u1ecb c\u1ee7a H\u1ed9i H\u01b0\u1edbng Thi\u1ec7n B\u1ed3 \u0110\u1ec1 t\u1eeb n\u0103m 2022. Tr\u01b0\u1edbc \u0111\u00f3, c\u00e1 nh\u00e2n Trang \u0111\u00e3 t\u1eebng g\u00e2y qu\u1ef9 gi\u00fap \u0111\u1ee1 n\u1ea1n nh\u00e2n Covid v\u00e0 l\u0169 l\u1ee5t t\u1ea1i Hu\u1ebf, v\u00e0 l\u00e0 t\u00ecnh nguy\u1ec7n vi\u00ean cho c\u00e1c t\u1ed5 ch\u1ee9c t\u1eeb thi\u1ec7n kh\u00e1c. Trang c\u00f3 b\u1eb1ng Ti\u1ebfn s\u0129 v\u1ec1 \u1ee9ng &hellip;","og_url":"https:\/\/www.bodhicharityfoundation.org\/website\/vi\/phan-trang\/","og_site_name":"Bodhi Charity Foundation","article_modified_time":"2025-08-27T19:14:02+00:00","twitter_card":"summary_large_image","twitter_misc":{"Est. reading time":"1 minute"},"schema":{"@context":"https:\/\/schema.org","@graph":[{"@type":"WebPage","@id":"https:\/\/www.bodhicharityfoundation.org\/website\/vi\/phan-trang\/","url":"https:\/\/www.bodhicharityfoundation.org\/website\/vi\/phan-trang\/","name":"Phan Trang - Bodhi Charity Foundation","isPartOf":{"@id":"https:\/\/www.bodhicharityfoundation.org\/website\/#website"},"datePublished":"2023-03-19T06:14:18+00:00","dateModified":"2025-08-27T19:14:02+00:00","breadcrumb":{"@id":"https:\/\/www.bodhicharityfoundation.org\/website\/vi\/phan-trang\/#breadcrumb"},"inLanguage":"en-US","potentialAction":[{"@type":"ReadAction","target":["https:\/\/www.bodhicharityfoundation.org\/website\/vi\/phan-trang\/"]}]},{"@type":"BreadcrumbList","@id":"https:\/\/www.bodhicharityfoundation.org\/website\/vi\/phan-trang\/#breadcrumb","itemListElement":[{"@type":"ListItem","position":1,"name":"Home","item":"https:\/\/www.bodhicharityfoundation.org\/website\/"},{"@type":"ListItem","position":2,"name":"Phan Trang"}]},{"@type":"WebSite","@id":"https:\/\/www.bodhicharityfoundation.org\/website\/#website","url":"https:\/\/www.bodhicharityfoundation.org\/website\/","name":"Bodhi Charity Foundation","description":"Help to Heal. Give Hope. Change a Life.","publisher":{"@id":"https:\/\/www.bodhicharityfoundation.org\/website\/#organization"},"potentialAction":[{"@type":"SearchAction","target":{"@type":"EntryPoint","urlTemplate":"https:\/\/www.bodhicharityfoundation.org\/website\/?s={search_term_string}"},"query-input":"required name=search_term_string"}],"inLanguage":"en-US"},{"@type":"Organization","@id":"https:\/\/www.bodhicharityfoundation.org\/website\/#organization","name":"Bodhi Charity Foundation","url":"https:\/\/www.bodhicharityfoundation.org\/website\/","logo":{"@type":"ImageObject","inLanguage":"en-US","@id":"https:\/\/www.bodhicharityfoundation.org\/website\/#\/schema\/logo\/image\/","url":"https:\/\/www.bodhicharityfoundation.org\/website\/wp-content\/uploads\/2021\/06\/BCF-Logo-header-clear-heart.png","contentUrl":"https:\/\/www.bodhicharityfoundation.org\/website\/wp-content\/uploads\/2021\/06\/BCF-Logo-header-clear-heart.png","width":451,"height":225,"caption":"Bodhi Charity Foundation"},"image":{"@id":"https:\/\/www.bodhicharityfoundation.org\/website\/#\/schema\/logo\/image\/"}}]}},"acf":[],"_links":{"self":[{"href":"https:\/\/www.bodhicharityfoundation.org\/website\/wp-json\/wp\/v2\/pages\/2170","targetHints":{"allow":["GET"]}}],"collection":[{"href":"https:\/\/www.bodhicharityfoundation.org\/website\/wp-json\/wp\/v2\/pages"}],"about":[{"href":"https:\/\/www.bodhicharityfoundation.org\/website\/wp-json\/wp\/v2\/types\/page"}],"author":[{"embeddable":true,"href":"https:\/\/www.bodhicharityfoundation.org\/website\/wp-json\/wp\/v2\/users\/6"}],"replies":[{"embeddable":true,"href":"https:\/\/www.bodhicharityfoundation.org\/website\/wp-json\/wp\/v2\/comments?post=2170"}],"version-history":[{"count":3,"href":"https:\/\/www.bodhicharityfoundation.org\/website\/wp-json\/wp\/v2\/pages\/2170\/revisions"}],"predecessor-version":[{"id":3989,"href":"https:\/\/www.bodhicharityfoundation.org\/website\/wp-json\/wp\/v2\/pages\/2170\/revisions\/3989"}],"wp:attachment":[{"href":"https:\/\/www.bodhicharityfoundation.org\/website\/wp-json\/wp\/v2\/media?parent=2170"}],"curies":[{"name":"wp","href":"https:\/\/api.w.org\/{rel}","templated":true}]}}