{"id":2172,"date":"2023-03-19T06:15:04","date_gmt":"2023-03-19T06:15:04","guid":{"rendered":"https:\/\/www.bodhicharityfoundation.org\/website\/?page_id=2172"},"modified":"2025-08-27T19:11:31","modified_gmt":"2025-08-27T19:11:31","slug":"tran-nguyen","status":"publish","type":"page","link":"https:\/\/www.bodhicharityfoundation.org\/website\/vi\/tran-nguyen\/","title":{"rendered":"Ph\u1ea1m Th\u00e1i An"},"content":{"rendered":"\n<p><em><em>An l\u1ea7n \u0111\u1ea7u ti\u00ean \u0111\u01b0\u1ee3c gi\u1edbi thi\u1ec7u v\u1edbi H\u1ed9i H\u01b0\u1edbng Thi\u1ec7n B\u1ed3 \u0110\u1ec1 v\u00e0o n\u0103m 2021 qua m\u1ed9t \u0111\u1ee3t g\u00e2y qu\u1ef9 gi\u00fap g\u1ea1o cho c\u00e1c n\u1ea1n nh\u00e2n l\u0169 l\u1ee5t t\u1ea1i Hu\u1ebf, Vi\u1ec7t Nam. K\u1ec3 t\u1eeb \u0111\u00f3, An b\u1eaft \u0111\u1ea7u tham gia nhi\u1ec1u h\u01a1n v\u00e0o c\u00e1c ho\u1ea1t \u0111\u1ed9ng g\u00e2y qu\u1ef9 kh\u00e1c c\u1ee7a H\u1ed9i. N\u0103m 2022, An tr\u1edf th\u00e0nh m\u1ed9t th\u00e0nh vi\u00ean c\u1ee7a h\u1ed9i \u0111\u1ed3ng qu\u1ea3n tr\u1ecb c\u1ee7a H\u1ed9i \u0111\u1ec3 c\u00f4 \u1ea5y c\u00f3 th\u1ec3 tham gia nhi\u1ec1u h\u01a1n v\u00e0o c\u00e1c ho\u1ea1t \u0111\u1ed9ng kh\u00e1c c\u1ee7a t\u1ed5 ch\u1ee9c. Qua vi\u1ec7c l\u00e0m \u0111\u00f3, c\u00f4 \u1ea5y c\u1ea3m th\u1ea5y \u0111\u1ed3ng c\u1ea3m v\u00e0 c\u00f3 s\u1ef1 k\u1ebft n\u1ed1i nhi\u1ec1u h\u01a1n v\u1edbi nh\u1eefng ng\u01b0\u1eddi g\u1eb7p kh\u00f3 kh\u0103n. An \u0111\u00e3 l\u00e0 d\u01b0\u1ee3c s\u0129 \u0111\u01b0\u1ee3c 22 n\u0103m v\u00e0 l\u00e0 m\u1ed9t b\u00e0 m\u1eb9 b\u1eadn r\u1ed9n c\u1ee7a 2 c\u1eadu con trai. Khi r\u1ea3nh r\u1ed7i, c\u00f4 \u1ea5y th\u00edch \u0111\u1ecdc s\u00e1ch, ch\u1ea1y b\u1ed9 ho\u1eb7c \u0103n t\u1ed1i v\u1edbi b\u1ea1n b\u00e8.<\/em><\/em><\/p>\n","protected":false},"excerpt":{"rendered":"<p>An l\u1ea7n \u0111\u1ea7u ti\u00ean \u0111\u01b0\u1ee3c gi\u1edbi thi\u1ec7u v\u1edbi H\u1ed9i H\u01b0\u1edbng Thi\u1ec7n B\u1ed3 \u0110\u1ec1 v\u00e0o n\u0103m 2021 qua m\u1ed9t \u0111\u1ee3t g\u00e2y qu\u1ef9 gi\u00fap g\u1ea1o cho c\u00e1c n\u1ea1n nh\u00e2n l\u0169 l\u1ee5t t\u1ea1i Hu\u1ebf, Vi\u1ec7t Nam. K\u1ec3 t\u1eeb \u0111\u00f3, An b\u1eaft \u0111\u1ea7u tham gia nhi\u1ec1u h\u01a1n v\u00e0o c\u00e1c ho\u1ea1t \u0111\u1ed9ng g\u00e2y qu\u1ef9 kh\u00e1c c\u1ee7a H\u1ed9i. N\u0103m 2022, An &hellip;<\/p>\n","protected":false},"author":6,"featured_media":0,"parent":0,"menu_order":0,"comment_status":"closed","ping_status":"closed","template":"","meta":{"_genesis_hide_title":false,"_genesis_hide_breadcrumbs":false,"_genesis_hide_singular_image":false,"_genesis_hide_footer_widgets":false,"_genesis_custom_body_class":"","_genesis_custom_post_class":"","_genesis_layout":"","footnotes":""},"class_list":{"1":"page","2":"type-page","5":"entry"},"yoast_head":"<!-- This site is optimized with the Yoast SEO plugin v23.0 - https:\/\/yoast.com\/wordpress\/plugins\/seo\/ -->\n<title>Ph\u1ea1m Th\u00e1i An - Bodhi Charity Foundation<\/title>\n<meta name=\"robots\" content=\"index, follow, max-snippet:-1, max-image-preview:large, max-video-preview:-1\" \/>\n<link rel=\"canonical\" href=\"https:\/\/www.bodhicharityfoundation.org\/website\/vi\/tran-nguyen\/\" \/>\n<meta property=\"og:locale\" content=\"en_US\" \/>\n<meta property=\"og:type\" content=\"article\" \/>\n<meta property=\"og:title\" content=\"Ph\u1ea1m Th\u00e1i An - Bodhi Charity Foundation\" \/>\n<meta property=\"og:description\" content=\"An l\u1ea7n \u0111\u1ea7u ti\u00ean \u0111\u01b0\u1ee3c gi\u1edbi thi\u1ec7u v\u1edbi H\u1ed9i H\u01b0\u1edbng Thi\u1ec7n B\u1ed3 \u0110\u1ec1 v\u00e0o n\u0103m 2021 qua m\u1ed9t \u0111\u1ee3t g\u00e2y qu\u1ef9 gi\u00fap g\u1ea1o cho c\u00e1c n\u1ea1n nh\u00e2n l\u0169 l\u1ee5t t\u1ea1i Hu\u1ebf, Vi\u1ec7t Nam. K\u1ec3 t\u1eeb \u0111\u00f3, An b\u1eaft \u0111\u1ea7u tham gia nhi\u1ec1u h\u01a1n v\u00e0o c\u00e1c ho\u1ea1t \u0111\u1ed9ng g\u00e2y qu\u1ef9 kh\u00e1c c\u1ee7a H\u1ed9i. N\u0103m 2022, An &hellip;\" \/>\n<meta property=\"og:url\" content=\"https:\/\/www.bodhicharityfoundation.org\/website\/vi\/tran-nguyen\/\" \/>\n<meta property=\"og:site_name\" content=\"Bodhi Charity Foundation\" \/>\n<meta property=\"article:modified_time\" content=\"2025-08-27T19:11:31+00:00\" \/>\n<meta name=\"twitter:card\" content=\"summary_large_image\" \/>\n<meta name=\"twitter:label1\" content=\"Est. reading time\" \/>\n\t<meta name=\"twitter:data1\" content=\"1 minute\" \/>\n<script type=\"application\/ld+json\" class=\"yoast-schema-graph\">{\"@context\":\"https:\/\/schema.org\",\"@graph\":[{\"@type\":\"WebPage\",\"@id\":\"https:\/\/www.bodhicharityfoundation.org\/website\/vi\/tran-nguyen\/\",\"url\":\"https:\/\/www.bodhicharityfoundation.org\/website\/vi\/tran-nguyen\/\",\"name\":\"Ph\u1ea1m Th\u00e1i An - Bodhi Charity Foundation\",\"isPartOf\":{\"@id\":\"https:\/\/www.bodhicharityfoundation.org\/website\/#website\"},\"datePublished\":\"2023-03-19T06:15:04+00:00\",\"dateModified\":\"2025-08-27T19:11:31+00:00\",\"breadcrumb\":{\"@id\":\"https:\/\/www.bodhicharityfoundation.org\/website\/vi\/tran-nguyen\/#breadcrumb\"},\"inLanguage\":\"en-US\",\"potentialAction\":[{\"@type\":\"ReadAction\",\"target\":[\"https:\/\/www.bodhicharityfoundation.org\/website\/vi\/tran-nguyen\/\"]}]},{\"@type\":\"BreadcrumbList\",\"@id\":\"https:\/\/www.bodhicharityfoundation.org\/website\/vi\/tran-nguyen\/#breadcrumb\",\"itemListElement\":[{\"@type\":\"ListItem\",\"position\":1,\"name\":\"Home\",\"item\":\"https:\/\/www.bodhicharityfoundation.org\/website\/\"},{\"@type\":\"ListItem\",\"position\":2,\"name\":\"Tr\u1ea7n Th\u1ecb Ki\u00eam Nguy\u00ean\"}]},{\"@type\":\"WebSite\",\"@id\":\"https:\/\/www.bodhicharityfoundation.org\/website\/#website\",\"url\":\"https:\/\/www.bodhicharityfoundation.org\/website\/\",\"name\":\"Bodhi Charity Foundation\",\"description\":\"Help to Heal. Give Hope. Change a Life.\",\"publisher\":{\"@id\":\"https:\/\/www.bodhicharityfoundation.org\/website\/#organization\"},\"potentialAction\":[{\"@type\":\"SearchAction\",\"target\":{\"@type\":\"EntryPoint\",\"urlTemplate\":\"https:\/\/www.bodhicharityfoundation.org\/website\/?s={search_term_string}\"},\"query-input\":\"required name=search_term_string\"}],\"inLanguage\":\"en-US\"},{\"@type\":\"Organization\",\"@id\":\"https:\/\/www.bodhicharityfoundation.org\/website\/#organization\",\"name\":\"Bodhi Charity Foundation\",\"url\":\"https:\/\/www.bodhicharityfoundation.org\/website\/\",\"logo\":{\"@type\":\"ImageObject\",\"inLanguage\":\"en-US\",\"@id\":\"https:\/\/www.bodhicharityfoundation.org\/website\/#\/schema\/logo\/image\/\",\"url\":\"https:\/\/www.bodhicharityfoundation.org\/website\/wp-content\/uploads\/2021\/06\/BCF-Logo-header-clear-heart.png\",\"contentUrl\":\"https:\/\/www.bodhicharityfoundation.org\/website\/wp-content\/uploads\/2021\/06\/BCF-Logo-header-clear-heart.png\",\"width\":451,\"height\":225,\"caption\":\"Bodhi Charity Foundation\"},\"image\":{\"@id\":\"https:\/\/www.bodhicharityfoundation.org\/website\/#\/schema\/logo\/image\/\"}}]}<\/script>\n<!-- \/ Yoast SEO plugin. -->","yoast_head_json":{"title":"Ph\u1ea1m Th\u00e1i An - Bodhi Charity Foundation","robots":{"index":"index","follow":"follow","max-snippet":"max-snippet:-1","max-image-preview":"max-image-preview:large","max-video-preview":"max-video-preview:-1"},"canonical":"https:\/\/www.bodhicharityfoundation.org\/website\/vi\/tran-nguyen\/","og_locale":"en_US","og_type":"article","og_title":"Ph\u1ea1m Th\u00e1i An - Bodhi Charity Foundation","og_description":"An l\u1ea7n \u0111\u1ea7u ti\u00ean \u0111\u01b0\u1ee3c gi\u1edbi thi\u1ec7u v\u1edbi H\u1ed9i H\u01b0\u1edbng Thi\u1ec7n B\u1ed3 \u0110\u1ec1 v\u00e0o n\u0103m 2021 qua m\u1ed9t \u0111\u1ee3t g\u00e2y qu\u1ef9 gi\u00fap g\u1ea1o cho c\u00e1c n\u1ea1n nh\u00e2n l\u0169 l\u1ee5t t\u1ea1i Hu\u1ebf, Vi\u1ec7t Nam. K\u1ec3 t\u1eeb \u0111\u00f3, An b\u1eaft \u0111\u1ea7u tham gia nhi\u1ec1u h\u01a1n v\u00e0o c\u00e1c ho\u1ea1t \u0111\u1ed9ng g\u00e2y qu\u1ef9 kh\u00e1c c\u1ee7a H\u1ed9i. N\u0103m 2022, An &hellip;","og_url":"https:\/\/www.bodhicharityfoundation.org\/website\/vi\/tran-nguyen\/","og_site_name":"Bodhi Charity Foundation","article_modified_time":"2025-08-27T19:11:31+00:00","twitter_card":"summary_large_image","twitter_misc":{"Est. reading time":"1 minute"},"schema":{"@context":"https:\/\/schema.org","@graph":[{"@type":"WebPage","@id":"https:\/\/www.bodhicharityfoundation.org\/website\/vi\/tran-nguyen\/","url":"https:\/\/www.bodhicharityfoundation.org\/website\/vi\/tran-nguyen\/","name":"Ph\u1ea1m Th\u00e1i An - Bodhi Charity Foundation","isPartOf":{"@id":"https:\/\/www.bodhicharityfoundation.org\/website\/#website"},"datePublished":"2023-03-19T06:15:04+00:00","dateModified":"2025-08-27T19:11:31+00:00","breadcrumb":{"@id":"https:\/\/www.bodhicharityfoundation.org\/website\/vi\/tran-nguyen\/#breadcrumb"},"inLanguage":"en-US","potentialAction":[{"@type":"ReadAction","target":["https:\/\/www.bodhicharityfoundation.org\/website\/vi\/tran-nguyen\/"]}]},{"@type":"BreadcrumbList","@id":"https:\/\/www.bodhicharityfoundation.org\/website\/vi\/tran-nguyen\/#breadcrumb","itemListElement":[{"@type":"ListItem","position":1,"name":"Home","item":"https:\/\/www.bodhicharityfoundation.org\/website\/"},{"@type":"ListItem","position":2,"name":"Tr\u1ea7n Th\u1ecb Ki\u00eam Nguy\u00ean"}]},{"@type":"WebSite","@id":"https:\/\/www.bodhicharityfoundation.org\/website\/#website","url":"https:\/\/www.bodhicharityfoundation.org\/website\/","name":"Bodhi Charity Foundation","description":"Help to Heal. Give Hope. Change a Life.","publisher":{"@id":"https:\/\/www.bodhicharityfoundation.org\/website\/#organization"},"potentialAction":[{"@type":"SearchAction","target":{"@type":"EntryPoint","urlTemplate":"https:\/\/www.bodhicharityfoundation.org\/website\/?s={search_term_string}"},"query-input":"required name=search_term_string"}],"inLanguage":"en-US"},{"@type":"Organization","@id":"https:\/\/www.bodhicharityfoundation.org\/website\/#organization","name":"Bodhi Charity Foundation","url":"https:\/\/www.bodhicharityfoundation.org\/website\/","logo":{"@type":"ImageObject","inLanguage":"en-US","@id":"https:\/\/www.bodhicharityfoundation.org\/website\/#\/schema\/logo\/image\/","url":"https:\/\/www.bodhicharityfoundation.org\/website\/wp-content\/uploads\/2021\/06\/BCF-Logo-header-clear-heart.png","contentUrl":"https:\/\/www.bodhicharityfoundation.org\/website\/wp-content\/uploads\/2021\/06\/BCF-Logo-header-clear-heart.png","width":451,"height":225,"caption":"Bodhi Charity Foundation"},"image":{"@id":"https:\/\/www.bodhicharityfoundation.org\/website\/#\/schema\/logo\/image\/"}}]}},"acf":[],"_links":{"self":[{"href":"https:\/\/www.bodhicharityfoundation.org\/website\/wp-json\/wp\/v2\/pages\/2172","targetHints":{"allow":["GET"]}}],"collection":[{"href":"https:\/\/www.bodhicharityfoundation.org\/website\/wp-json\/wp\/v2\/pages"}],"about":[{"href":"https:\/\/www.bodhicharityfoundation.org\/website\/wp-json\/wp\/v2\/types\/page"}],"author":[{"embeddable":true,"href":"https:\/\/www.bodhicharityfoundation.org\/website\/wp-json\/wp\/v2\/users\/6"}],"replies":[{"embeddable":true,"href":"https:\/\/www.bodhicharityfoundation.org\/website\/wp-json\/wp\/v2\/comments?post=2172"}],"version-history":[{"count":6,"href":"https:\/\/www.bodhicharityfoundation.org\/website\/wp-json\/wp\/v2\/pages\/2172\/revisions"}],"predecessor-version":[{"id":3988,"href":"https:\/\/www.bodhicharityfoundation.org\/website\/wp-json\/wp\/v2\/pages\/2172\/revisions\/3988"}],"wp:attachment":[{"href":"https:\/\/www.bodhicharityfoundation.org\/website\/wp-json\/wp\/v2\/media?parent=2172"}],"curies":[{"name":"wp","href":"https:\/\/api.w.org\/{rel}","templated":true}]}}