{"id":2178,"date":"2023-03-19T06:19:52","date_gmt":"2023-03-19T06:19:52","guid":{"rendered":"https:\/\/www.bodhicharityfoundation.org\/website\/?page_id=2178"},"modified":"2023-03-31T18:18:02","modified_gmt":"2023-03-31T18:18:02","slug":"dam-ngoc-tri","status":"publish","type":"page","link":"https:\/\/www.bodhicharityfoundation.org\/website\/vi\/dam-ngoc-tri\/","title":{"rendered":"\u0110\u00e0m Ng\u1ecdc Tr\u00ed"},"content":{"rendered":"\n<p><em>Ng\u1ecdc Tr\u00ed l\u00e0 ng\u01b0\u1eddi \u0111\u1ed3ng s\u00e1ng l\u1eadp, th\u00e0nh vi\u00ean h\u1ed9i \u0111\u1ed3ng qu\u1ea3n tr\u1ecb v\u00e0 th\u01b0 k\u00fd c\u1ee7a H\u1ed9i H\u01b0\u1edbng Thi\u1ec7n B\u1ed3 \u0110\u1ec1. C\u00f4 \u1ea5y \u0111\u00e3 l\u00e0m t\u00ecnh nguy\u1ec7n t\u1ea1i m\u1ed9t v\u00e0i t\u1ed5 ch\u1ee9c t\u1eeb thi\u1ec7n kh\u00e1c nhau \u1edf V\u00f9ng V\u1ecbnh. Ng\u1ecdc Tr\u00ed t\u00ecnh nguy\u1ec7n v\u00ec \u0111i\u1ec1u \u0111\u00f3 gi\u00fap c\u00f4 x\u00e2y d\u1ef1ng \u00fd th\u1ee9c c\u1ed1ng hi\u1ebfn cho c\u1ed9ng \u0111\u1ed3ng v\u00e0 s\u1eed d\u1ee5ng c\u00e1c k\u1ef9 n\u0103ng c\u1ee7a m\u00ecnh \u0111\u1ec3 h\u1ed7 tr\u1ee3 nh\u1eefng ng\u01b0\u1eddi g\u1eb7p kh\u00f3 kh\u0103n m\u1ed9t c\u00e1ch thi\u1ebft th\u1ef1c. Th\u00eam v\u00e0o \u0111\u00f3, ho\u1ea1t \u0111\u1ed9ng t\u00ecnh nguy\u1ec7n gi\u00fap c\u00f4 hi\u1ec3u \u0111\u01b0\u1ee3c nhi\u1ec1u m\u1ea3nh \u0111\u1eddi kh\u00e1c v\u1edbi m\u00ecnh v\u00e0 l\u00e0m s\u00e2u s\u1eafc th\u00eam c\u1ea3m gi\u00e1c \u0111\u1ed3ng c\u1ea3m v\u00e0 l\u00f2ng tr\u1eafc \u1ea9n \u0111\u1ed1i v\u1edbi ng\u01b0\u1eddi kh\u00e1c. Ng\u1ecdc Tr\u00ed hi\u1ec7n gi\u1ea3ng d\u1ea1y ng\u00e0nh y t\u00e1&nbsp; t\u1ea1i m\u1ed9t tr\u01b0\u1eddng cao \u0111\u1eb3ng c\u1ed9ng \u0111\u1ed3ng h\u01a1n b\u1ea3y n\u0103m v\u00e0 l\u00e0 m\u1ed9t y t\u00e1 t\u1ea1i nhi\u1ec1u c\u01a1 s\u1edf ch\u0103m s\u00f3c s\u1ee9c kh\u1ecfe kh\u00e1c nhau trong g\u1ea7n 15 n\u0103m qua. B\u00ean c\u1ea1nh vi\u1ec7c t\u00ecnh nguy\u1ec7n v\u00e0 c\u00f4ng vi\u1ec7c c\u1ee7a m\u00ecnh, c\u00f4 \u1ea5y th\u00edch t\u1eadp th\u1ec3 d\u1ee5c, \u0111\u1ecdc s\u00e1ch v\u00e0 ph\u00e1t tri\u1ec3n t\u00e2m linh. C\u00f4 \u1ea5y c\u0169ng th\u00edch d\u00e0nh th\u1eddi gian cho gia \u0111\u00ecnh v\u00e0 b\u1ea1n b\u00e8, \u0111\u1ed3ng th\u1eddi chia s\u1ebb v\u1edbi h\u1ecd nh\u1eefng kinh nghi\u1ec7m s\u1ed1ng v\u00e0 s\u1ef1 tr\u00e2n tr\u1ecdng cu\u1ed9c s\u1ed1ng.<\/em><\/p>\n","protected":false},"excerpt":{"rendered":"<p>Ng\u1ecdc Tr\u00ed l\u00e0 ng\u01b0\u1eddi \u0111\u1ed3ng s\u00e1ng l\u1eadp, th\u00e0nh vi\u00ean h\u1ed9i \u0111\u1ed3ng qu\u1ea3n tr\u1ecb v\u00e0 th\u01b0 k\u00fd c\u1ee7a H\u1ed9i H\u01b0\u1edbng Thi\u1ec7n B\u1ed3 \u0110\u1ec1. C\u00f4 \u1ea5y \u0111\u00e3 l\u00e0m t\u00ecnh nguy\u1ec7n t\u1ea1i m\u1ed9t v\u00e0i t\u1ed5 ch\u1ee9c t\u1eeb thi\u1ec7n kh\u00e1c nhau \u1edf V\u00f9ng V\u1ecbnh. Ng\u1ecdc Tr\u00ed t\u00ecnh nguy\u1ec7n v\u00ec \u0111i\u1ec1u \u0111\u00f3 gi\u00fap c\u00f4 x\u00e2y d\u1ef1ng \u00fd th\u1ee9c c\u1ed1ng hi\u1ebfn &hellip;<\/p>\n","protected":false},"author":6,"featured_media":0,"parent":0,"menu_order":0,"comment_status":"closed","ping_status":"closed","template":"","meta":{"_genesis_hide_title":false,"_genesis_hide_breadcrumbs":false,"_genesis_hide_singular_image":false,"_genesis_hide_footer_widgets":false,"_genesis_custom_body_class":"","_genesis_custom_post_class":"","_genesis_layout":"","footnotes":""},"class_list":{"1":"page","2":"type-page","5":"entry"},"yoast_head":"<!-- This site is optimized with the Yoast SEO plugin v23.0 - https:\/\/yoast.com\/wordpress\/plugins\/seo\/ -->\n<title>\u0110\u00e0m Ng\u1ecdc Tr\u00ed - Bodhi Charity Foundation<\/title>\n<meta name=\"robots\" content=\"index, follow, max-snippet:-1, max-image-preview:large, max-video-preview:-1\" \/>\n<link rel=\"canonical\" href=\"https:\/\/www.bodhicharityfoundation.org\/website\/vi\/dam-ngoc-tri\/\" \/>\n<meta property=\"og:locale\" content=\"en_US\" \/>\n<meta property=\"og:type\" content=\"article\" \/>\n<meta property=\"og:title\" content=\"\u0110\u00e0m Ng\u1ecdc Tr\u00ed - Bodhi Charity Foundation\" \/>\n<meta property=\"og:description\" content=\"Ng\u1ecdc Tr\u00ed l\u00e0 ng\u01b0\u1eddi \u0111\u1ed3ng s\u00e1ng l\u1eadp, th\u00e0nh vi\u00ean h\u1ed9i \u0111\u1ed3ng qu\u1ea3n tr\u1ecb v\u00e0 th\u01b0 k\u00fd c\u1ee7a H\u1ed9i H\u01b0\u1edbng Thi\u1ec7n B\u1ed3 \u0110\u1ec1. C\u00f4 \u1ea5y \u0111\u00e3 l\u00e0m t\u00ecnh nguy\u1ec7n t\u1ea1i m\u1ed9t v\u00e0i t\u1ed5 ch\u1ee9c t\u1eeb thi\u1ec7n kh\u00e1c nhau \u1edf V\u00f9ng V\u1ecbnh. Ng\u1ecdc Tr\u00ed t\u00ecnh nguy\u1ec7n v\u00ec \u0111i\u1ec1u \u0111\u00f3 gi\u00fap c\u00f4 x\u00e2y d\u1ef1ng \u00fd th\u1ee9c c\u1ed1ng hi\u1ebfn &hellip;\" \/>\n<meta property=\"og:url\" content=\"https:\/\/www.bodhicharityfoundation.org\/website\/vi\/dam-ngoc-tri\/\" \/>\n<meta property=\"og:site_name\" content=\"Bodhi Charity Foundation\" \/>\n<meta property=\"article:modified_time\" content=\"2023-03-31T18:18:02+00:00\" \/>\n<meta name=\"twitter:card\" content=\"summary_large_image\" \/>\n<meta name=\"twitter:label1\" content=\"Est. reading time\" \/>\n\t<meta name=\"twitter:data1\" content=\"1 minute\" \/>\n<script type=\"application\/ld+json\" class=\"yoast-schema-graph\">{\"@context\":\"https:\/\/schema.org\",\"@graph\":[{\"@type\":\"WebPage\",\"@id\":\"https:\/\/www.bodhicharityfoundation.org\/website\/vi\/dam-ngoc-tri\/\",\"url\":\"https:\/\/www.bodhicharityfoundation.org\/website\/vi\/dam-ngoc-tri\/\",\"name\":\"\u0110\u00e0m Ng\u1ecdc Tr\u00ed - Bodhi Charity Foundation\",\"isPartOf\":{\"@id\":\"https:\/\/www.bodhicharityfoundation.org\/website\/#website\"},\"datePublished\":\"2023-03-19T06:19:52+00:00\",\"dateModified\":\"2023-03-31T18:18:02+00:00\",\"breadcrumb\":{\"@id\":\"https:\/\/www.bodhicharityfoundation.org\/website\/vi\/dam-ngoc-tri\/#breadcrumb\"},\"inLanguage\":\"en-US\",\"potentialAction\":[{\"@type\":\"ReadAction\",\"target\":[\"https:\/\/www.bodhicharityfoundation.org\/website\/vi\/dam-ngoc-tri\/\"]}]},{\"@type\":\"BreadcrumbList\",\"@id\":\"https:\/\/www.bodhicharityfoundation.org\/website\/vi\/dam-ngoc-tri\/#breadcrumb\",\"itemListElement\":[{\"@type\":\"ListItem\",\"position\":1,\"name\":\"Home\",\"item\":\"https:\/\/www.bodhicharityfoundation.org\/website\/\"},{\"@type\":\"ListItem\",\"position\":2,\"name\":\"\u0110\u00e0m Ng\u1ecdc Tr\u00ed\"}]},{\"@type\":\"WebSite\",\"@id\":\"https:\/\/www.bodhicharityfoundation.org\/website\/#website\",\"url\":\"https:\/\/www.bodhicharityfoundation.org\/website\/\",\"name\":\"Bodhi Charity Foundation\",\"description\":\"Help to Heal. Give Hope. Change a Life.\",\"publisher\":{\"@id\":\"https:\/\/www.bodhicharityfoundation.org\/website\/#organization\"},\"potentialAction\":[{\"@type\":\"SearchAction\",\"target\":{\"@type\":\"EntryPoint\",\"urlTemplate\":\"https:\/\/www.bodhicharityfoundation.org\/website\/?s={search_term_string}\"},\"query-input\":\"required name=search_term_string\"}],\"inLanguage\":\"en-US\"},{\"@type\":\"Organization\",\"@id\":\"https:\/\/www.bodhicharityfoundation.org\/website\/#organization\",\"name\":\"Bodhi Charity Foundation\",\"url\":\"https:\/\/www.bodhicharityfoundation.org\/website\/\",\"logo\":{\"@type\":\"ImageObject\",\"inLanguage\":\"en-US\",\"@id\":\"https:\/\/www.bodhicharityfoundation.org\/website\/#\/schema\/logo\/image\/\",\"url\":\"https:\/\/www.bodhicharityfoundation.org\/website\/wp-content\/uploads\/2021\/06\/BCF-Logo-header-clear-heart.png\",\"contentUrl\":\"https:\/\/www.bodhicharityfoundation.org\/website\/wp-content\/uploads\/2021\/06\/BCF-Logo-header-clear-heart.png\",\"width\":451,\"height\":225,\"caption\":\"Bodhi Charity Foundation\"},\"image\":{\"@id\":\"https:\/\/www.bodhicharityfoundation.org\/website\/#\/schema\/logo\/image\/\"}}]}<\/script>\n<!-- \/ Yoast SEO plugin. -->","yoast_head_json":{"title":"\u0110\u00e0m Ng\u1ecdc Tr\u00ed - Bodhi Charity Foundation","robots":{"index":"index","follow":"follow","max-snippet":"max-snippet:-1","max-image-preview":"max-image-preview:large","max-video-preview":"max-video-preview:-1"},"canonical":"https:\/\/www.bodhicharityfoundation.org\/website\/vi\/dam-ngoc-tri\/","og_locale":"en_US","og_type":"article","og_title":"\u0110\u00e0m Ng\u1ecdc Tr\u00ed - Bodhi Charity Foundation","og_description":"Ng\u1ecdc Tr\u00ed l\u00e0 ng\u01b0\u1eddi \u0111\u1ed3ng s\u00e1ng l\u1eadp, th\u00e0nh vi\u00ean h\u1ed9i \u0111\u1ed3ng qu\u1ea3n tr\u1ecb v\u00e0 th\u01b0 k\u00fd c\u1ee7a H\u1ed9i H\u01b0\u1edbng Thi\u1ec7n B\u1ed3 \u0110\u1ec1. C\u00f4 \u1ea5y \u0111\u00e3 l\u00e0m t\u00ecnh nguy\u1ec7n t\u1ea1i m\u1ed9t v\u00e0i t\u1ed5 ch\u1ee9c t\u1eeb thi\u1ec7n kh\u00e1c nhau \u1edf V\u00f9ng V\u1ecbnh. Ng\u1ecdc Tr\u00ed t\u00ecnh nguy\u1ec7n v\u00ec \u0111i\u1ec1u \u0111\u00f3 gi\u00fap c\u00f4 x\u00e2y d\u1ef1ng \u00fd th\u1ee9c c\u1ed1ng hi\u1ebfn &hellip;","og_url":"https:\/\/www.bodhicharityfoundation.org\/website\/vi\/dam-ngoc-tri\/","og_site_name":"Bodhi Charity Foundation","article_modified_time":"2023-03-31T18:18:02+00:00","twitter_card":"summary_large_image","twitter_misc":{"Est. reading time":"1 minute"},"schema":{"@context":"https:\/\/schema.org","@graph":[{"@type":"WebPage","@id":"https:\/\/www.bodhicharityfoundation.org\/website\/vi\/dam-ngoc-tri\/","url":"https:\/\/www.bodhicharityfoundation.org\/website\/vi\/dam-ngoc-tri\/","name":"\u0110\u00e0m Ng\u1ecdc Tr\u00ed - Bodhi Charity Foundation","isPartOf":{"@id":"https:\/\/www.bodhicharityfoundation.org\/website\/#website"},"datePublished":"2023-03-19T06:19:52+00:00","dateModified":"2023-03-31T18:18:02+00:00","breadcrumb":{"@id":"https:\/\/www.bodhicharityfoundation.org\/website\/vi\/dam-ngoc-tri\/#breadcrumb"},"inLanguage":"en-US","potentialAction":[{"@type":"ReadAction","target":["https:\/\/www.bodhicharityfoundation.org\/website\/vi\/dam-ngoc-tri\/"]}]},{"@type":"BreadcrumbList","@id":"https:\/\/www.bodhicharityfoundation.org\/website\/vi\/dam-ngoc-tri\/#breadcrumb","itemListElement":[{"@type":"ListItem","position":1,"name":"Home","item":"https:\/\/www.bodhicharityfoundation.org\/website\/"},{"@type":"ListItem","position":2,"name":"\u0110\u00e0m Ng\u1ecdc Tr\u00ed"}]},{"@type":"WebSite","@id":"https:\/\/www.bodhicharityfoundation.org\/website\/#website","url":"https:\/\/www.bodhicharityfoundation.org\/website\/","name":"Bodhi Charity Foundation","description":"Help to Heal. Give Hope. Change a Life.","publisher":{"@id":"https:\/\/www.bodhicharityfoundation.org\/website\/#organization"},"potentialAction":[{"@type":"SearchAction","target":{"@type":"EntryPoint","urlTemplate":"https:\/\/www.bodhicharityfoundation.org\/website\/?s={search_term_string}"},"query-input":"required name=search_term_string"}],"inLanguage":"en-US"},{"@type":"Organization","@id":"https:\/\/www.bodhicharityfoundation.org\/website\/#organization","name":"Bodhi Charity Foundation","url":"https:\/\/www.bodhicharityfoundation.org\/website\/","logo":{"@type":"ImageObject","inLanguage":"en-US","@id":"https:\/\/www.bodhicharityfoundation.org\/website\/#\/schema\/logo\/image\/","url":"https:\/\/www.bodhicharityfoundation.org\/website\/wp-content\/uploads\/2021\/06\/BCF-Logo-header-clear-heart.png","contentUrl":"https:\/\/www.bodhicharityfoundation.org\/website\/wp-content\/uploads\/2021\/06\/BCF-Logo-header-clear-heart.png","width":451,"height":225,"caption":"Bodhi Charity Foundation"},"image":{"@id":"https:\/\/www.bodhicharityfoundation.org\/website\/#\/schema\/logo\/image\/"}}]}},"acf":[],"_links":{"self":[{"href":"https:\/\/www.bodhicharityfoundation.org\/website\/wp-json\/wp\/v2\/pages\/2178","targetHints":{"allow":["GET"]}}],"collection":[{"href":"https:\/\/www.bodhicharityfoundation.org\/website\/wp-json\/wp\/v2\/pages"}],"about":[{"href":"https:\/\/www.bodhicharityfoundation.org\/website\/wp-json\/wp\/v2\/types\/page"}],"author":[{"embeddable":true,"href":"https:\/\/www.bodhicharityfoundation.org\/website\/wp-json\/wp\/v2\/users\/6"}],"replies":[{"embeddable":true,"href":"https:\/\/www.bodhicharityfoundation.org\/website\/wp-json\/wp\/v2\/comments?post=2178"}],"version-history":[{"count":3,"href":"https:\/\/www.bodhicharityfoundation.org\/website\/wp-json\/wp\/v2\/pages\/2178\/revisions"}],"predecessor-version":[{"id":2293,"href":"https:\/\/www.bodhicharityfoundation.org\/website\/wp-json\/wp\/v2\/pages\/2178\/revisions\/2293"}],"wp:attachment":[{"href":"https:\/\/www.bodhicharityfoundation.org\/website\/wp-json\/wp\/v2\/media?parent=2178"}],"curies":[{"name":"wp","href":"https:\/\/api.w.org\/{rel}","templated":true}]}}