{"id":983,"date":"2021-06-02T17:30:49","date_gmt":"2021-06-02T17:30:49","guid":{"rendered":"https:\/\/www.bodhicharityfoundation.org\/website\/?page_id=983"},"modified":"2021-07-05T17:03:08","modified_gmt":"2021-07-05T17:03:08","slug":"tng","status":"publish","type":"page","link":"https:\/\/www.bodhicharityfoundation.org\/website\/vi\/tng\/","title":{"rendered":"T\u1eb6NG"},"content":{"rendered":"\n<div class=\"wp-block-cover alignfull has-background-dim-10 has-background-dim has-md-content-width\" style=\"min-height:300px;aspect-ratio:unset;\"><img loading=\"lazy\" decoding=\"async\" width=\"300\" height=\"225\" sizes=\"auto, 100vw\" srcset=\"https:\/\/www.bodhicharityfoundation.org\/website\/wp-content\/uploads\/2021\/05\/Child-with-house-in-back-Bodhi-300x225.jpg 300w, https:\/\/www.bodhicharityfoundation.org\/website\/wp-content\/uploads\/2021\/05\/Child-with-house-in-back-Bodhi-400x300.jpg 400w, https:\/\/www.bodhicharityfoundation.org\/website\/wp-content\/uploads\/2021\/05\/Child-with-house-in-back-Bodhi-768x576.jpg 768w, https:\/\/www.bodhicharityfoundation.org\/website\/wp-content\/uploads\/2021\/05\/Child-with-house-in-back-Bodhi-800x600.jpg 800w, https:\/\/www.bodhicharityfoundation.org\/website\/wp-content\/uploads\/2021\/05\/Child-with-house-in-back-Bodhi-1024x768.jpg 1024w, https:\/\/www.bodhicharityfoundation.org\/website\/wp-content\/uploads\/2021\/05\/Child-with-house-in-back-Bodhi-1200x900.jpg 1200w, https:\/\/www.bodhicharityfoundation.org\/website\/wp-content\/uploads\/2021\/05\/Child-with-house-in-back-Bodhi-1536x1152.jpg 1536w, https:\/\/www.bodhicharityfoundation.org\/website\/wp-content\/uploads\/2021\/05\/Child-with-house-in-back-Bodhi.jpg 2000w\" class=\"wp-block-cover__image-background wp-image-304\" alt=\"\" src=\"https:\/\/www.bodhicharityfoundation.org\/website\/wp-content\/uploads\/2021\/05\/Child-with-house-in-back-Bodhi-300x225.jpg\" style=\"--object-position:50% 50%\" data-object-fit=\"cover\" data-object-position=\"50% 50%\"><div class=\"wp-block-cover__inner-container is-layout-flow wp-block-cover-is-layout-flow\">\n<p class=\"has-text-align-center is-style-heading has-xxl-font-size has-lg-margin-top has-lg-margin-bottom\">M&#7909;c &#272;&iacute;ch<br>gi&uacute;p &#273;&#7905; nh&#7919;ng ng&#432;&#7901;i t&#7853;t b&#7879;nh, ngh&egrave;o kh&oacute;, v&agrave; gi&uacute;p h&#7885; t&#7921; v&#432;&#417;n l&ecirc;n trong cu&#7897;c s&#7889;ng<\/p>\n\n<\/div><\/div>\n\n\n\n\n<h1 class=\"has-text-align-center wp-block-heading has-sm-margin-bottom\">T&#7862;NG<\/h1>\n\n\n\n\n<div class=\"wp-block-group\"><div class=\"wp-block-group__inner-container is-layout-flow wp-block-group-is-layout-flow\">\n<div class=\"wp-block-group has-sm-content-width\"><div class=\"wp-block-group__inner-container is-layout-flow wp-block-group-is-layout-flow\">\n<h2 class=\"is-style-default wp-block-heading\">H&atilde;y l&agrave;m m&#7897;t &#273;i&#7873;u g&igrave; &#273;&oacute; t&#7889;t &#273;&#7865;p cho ng&#432;&#7901;i kh&aacute;c.<\/h2>\n\n\n\n<p>H&#7897;i H&#432;&#7899;ng Thi&#7879;n B&#7891; &#272;&#7873; tr&#7907; gi&uacute;p nh&acirc;n &#273;&#7841;o v&#7873; t&agrave;i ch&aacute;nh cho ng&#432;&#7901;i ngh&egrave;o kh&oacute; v&agrave; b&#7879;nh t&#7853;t &#7903; nhi&#7873;u n&#417;i tr&ecirc;n th&#7871; gi&#7899;i.<\/p>\n\n\n\n<p><em>C&aacute;m &#417;n l&ograve;ng t&#7889;t v&agrave; s&#7921; gi&uacute;p &#273;&#7905; c&#7911;a b&#7841;n.<\/em><\/p>\n\n\n\n<h3 class=\"wp-block-heading\">G&#7847;n nh&#432; 100% &#273;&oacute;ng g&oacute;p c&#7911;a b&#7841;n s&#7869; &#273;&#7871;n tay c&aacute;c em nh&#7887; v&agrave; ng&#432;&#7901;i ngh&egrave;o kh&oacute;.<\/h3>\n\n\n\n<p>B&#7901;i v&igrave; ch&uacute;ng t&ocirc;i l&agrave; m&#7897;t t&#7893; ch&#7913;c t&#7915; thi&#7879;n ho&agrave;n to&agrave;n t&#7921; nguy&#7879;n kh&ocirc;ng l&#432;&#417;ng, g&#7847;n nh&#432; 100% &#273;&oacute;ng g&oacute;p c&#7911;a b&#7841;n s&#7869; &#273;&#7871;n tay ng&#432;&#7901;i c&#7847;n gi&uacute;p &#273;&#7905; m&agrave; kh&ocirc;ng qua c&aacute;c chi ph&iacute; h&agrave;nh ch&iacute;nh. M&#7895;i &#273;&ocirc; la &#273;&oacute;ng g&oacute;p c&#7911;a b&#7841;n c&oacute; th&#7875; l&agrave;m &#273;&#432;&#7907;c vi&#7879;c &#273;&aacute;ng k&#7875; &#7903; m&#7897;t n&#432;&#7899;c ngh&egrave;o; v&iacute; d&#7909; $1 c&oacute; th&#7875; mua 2 kg g&#7841;o &#273;&#7875; nu&ocirc;i s&#7889;ng m&#7897;t gia &#273;&igrave;nh 4 ng&#432;&#7901;i m&#7897;t ng&agrave;y.<\/p>\n<\/div><\/div>\n\n<\/div><\/div>\n\n\n\n<h3 class=\"has-text-align-center wp-block-heading has-sm-max-width\">C&aacute;ch gi&uacute;p &#273;&#7905;.<\/h3>\n\n\n\n\n<p class=\"has-text-align-center is-style-subheading has-xxxl-font-size has-xs-max-width has-lg-margin-top has-sm-margin-bottom\">t&#7863;ng online<\/p>\n\n\n\n\n<p>[seamless-donations]<\/p>\n\n\n\n<p class=\"has-text-align-center is-style-subheading has-xxxl-font-size has-xs-max-width has-sm-margin-bottom\">tr&#7843; b&#7857;ng check:<\/p>\n\n\n\n\n\n<p class=\"has-text-align-center has-xs-max-width has-xxl-margin-bottom\"><strong>Bodhi Charity Foundation<\/strong><br>P.O. Box 730008<br>San Jose, CA 95173,  U.S.A<\/p>\n\n\n\n\n\n<p class=\"has-text-align-center has-md-font-size has-sm-max-width has-xl-margin-top\">H&#7897;i H&#432;&#7899;ng Thi&#7879;n B&#7891; &#272;&#7873; l&agrave; m&#7897;t t&#7893; ch&#7913;c t&#7915; thi&#7879;n b&#7845;t v&#7909; l&#7907;i 501(c)(3) &#273;&#432;&#7907;c mi&#7877;n thu&#7871; c&#7911;a Li&ecirc;n bang v&agrave; Ti&#7875;u bang California, Tax ID # 83-2391908.<\/p>\n\n\n","protected":false},"excerpt":{"rendered":"<p>T&#7862;NG H\u00e3y l\u00e0m m\u1ed9t \u0111i\u1ec1u g\u00ec \u0111\u00f3 t\u1ed1t \u0111\u1eb9p cho ng\u01b0\u1eddi kh\u00e1c. H\u1ed9i H\u01b0\u1edbng Thi\u1ec7n B\u1ed3 \u0110\u1ec1 tr\u1ee3 gi\u00fap nh\u00e2n \u0111\u1ea1o v\u1ec1 t\u00e0i ch\u00e1nh cho ng\u01b0\u1eddi ngh\u00e8o kh\u00f3 v\u00e0 b\u1ec7nh t\u1eadt \u1edf nhi\u1ec1u n\u01a1i tr\u00ean th\u1ebf gi\u1edbi. C\u00e1m \u01a1n l\u00f2ng t\u1ed1t v\u00e0 s\u1ef1 gi\u00fap \u0111\u1ee1 c\u1ee7a b\u1ea1n. G\u1ea7n nh\u01b0 100% \u0111\u00f3ng g\u00f3p c\u1ee7a b\u1ea1n s\u1ebd &hellip;<\/p>\n","protected":false},"author":1,"featured_media":304,"parent":0,"menu_order":0,"comment_status":"closed","ping_status":"closed","template":"","meta":{"_genesis_hide_title":false,"_genesis_hide_breadcrumbs":false,"_genesis_hide_singular_image":false,"_genesis_hide_footer_widgets":false,"_genesis_custom_body_class":"","_genesis_custom_post_class":"","_genesis_layout":"","footnotes":""},"class_list":{"1":"page","2":"type-page","6":"entry"},"yoast_head":"<!-- This site is optimized with the Yoast SEO plugin v23.0 - https:\/\/yoast.com\/wordpress\/plugins\/seo\/ -->\n<title>T\u1eb6NG - Bodhi Charity Foundation<\/title>\n<meta name=\"description\" content=\"Your donation will make a difference in someones life. The Foundation offers humanitarian and financial aid to people in under-developed countries and to the underprivileged around the world. Ninety-five cents of your donation will go toward our mission. Because we are an all volunteer, nonprofit organization ninety-five cents of every donation dollar go to the needy. Practically all proceeds are donated, with little admin cost.\u00a0 Additionally every dollar donated provides significant impact in a third world country\u2026 ie: $1 can buy 2 kg or rice that can feed a family of 4 for a day.\" \/>\n<meta name=\"robots\" content=\"index, follow, max-snippet:-1, max-image-preview:large, max-video-preview:-1\" \/>\n<link rel=\"canonical\" href=\"https:\/\/www.bodhicharityfoundation.org\/website\/vi\/tng\/\" \/>\n<meta property=\"og:locale\" content=\"en_US\" \/>\n<meta property=\"og:type\" content=\"article\" \/>\n<meta property=\"og:title\" content=\"T\u1eb6NG - Bodhi Charity Foundation\" \/>\n<meta property=\"og:description\" content=\"Your donation will make a difference in someones life. The Foundation offers humanitarian and financial aid to people in under-developed countries and to the underprivileged around the world. Ninety-five cents of your donation will go toward our mission. Because we are an all volunteer, nonprofit organization ninety-five cents of every donation dollar go to the needy. Practically all proceeds are donated, with little admin cost.\u00a0 Additionally every dollar donated provides significant impact in a third world country\u2026 ie: $1 can buy 2 kg or rice that can feed a family of 4 for a day.\" \/>\n<meta property=\"og:url\" content=\"https:\/\/www.bodhicharityfoundation.org\/website\/vi\/tng\/\" \/>\n<meta property=\"og:site_name\" content=\"Bodhi Charity Foundation\" \/>\n<meta property=\"article:modified_time\" content=\"2021-07-05T17:03:08+00:00\" \/>\n<meta property=\"og:image\" content=\"https:\/\/www.bodhicharityfoundation.org\/website\/wp-content\/uploads\/2021\/05\/Child-with-house-in-back-Bodhi.jpg\" \/>\n\t<meta property=\"og:image:width\" content=\"2000\" \/>\n\t<meta property=\"og:image:height\" content=\"1500\" \/>\n\t<meta property=\"og:image:type\" content=\"image\/jpeg\" \/>\n<meta name=\"twitter:card\" content=\"summary_large_image\" \/>\n<meta name=\"twitter:label1\" content=\"Est. reading time\" \/>\n\t<meta name=\"twitter:data1\" content=\"2 minutes\" \/>\n<script type=\"application\/ld+json\" class=\"yoast-schema-graph\">{\"@context\":\"https:\/\/schema.org\",\"@graph\":[{\"@type\":[\"WebPage\",\"CheckoutPage\"],\"@id\":\"https:\/\/www.bodhicharityfoundation.org\/website\/vi\/tng\/\",\"url\":\"https:\/\/www.bodhicharityfoundation.org\/website\/vi\/tng\/\",\"name\":\"T\u1eb6NG - Bodhi Charity Foundation\",\"isPartOf\":{\"@id\":\"https:\/\/www.bodhicharityfoundation.org\/website\/#website\"},\"primaryImageOfPage\":{\"@id\":\"https:\/\/www.bodhicharityfoundation.org\/website\/vi\/tng\/#primaryimage\"},\"image\":{\"@id\":\"https:\/\/www.bodhicharityfoundation.org\/website\/vi\/tng\/#primaryimage\"},\"thumbnailUrl\":\"https:\/\/www.bodhicharityfoundation.org\/website\/wp-content\/uploads\/2021\/05\/Child-with-house-in-back-Bodhi.jpg\",\"datePublished\":\"2021-06-02T17:30:49+00:00\",\"dateModified\":\"2021-07-05T17:03:08+00:00\",\"description\":\"Your donation will make a difference in someones life. The Foundation offers humanitarian and financial aid to people in under-developed countries and to the underprivileged around the world. Ninety-five cents of your donation will go toward our mission. Because we are an all volunteer, nonprofit organization ninety-five cents of every donation dollar go to the needy. Practically all proceeds are donated, with little admin cost.\u00a0 Additionally every dollar donated provides significant impact in a third world country\u2026 ie: $1 can buy 2 kg or rice that can feed a family of 4 for a day.\",\"breadcrumb\":{\"@id\":\"https:\/\/www.bodhicharityfoundation.org\/website\/vi\/tng\/#breadcrumb\"},\"inLanguage\":\"en-US\",\"potentialAction\":[{\"@type\":\"ReadAction\",\"target\":[\"https:\/\/www.bodhicharityfoundation.org\/website\/vi\/tng\/\"]}]},{\"@type\":\"ImageObject\",\"inLanguage\":\"en-US\",\"@id\":\"https:\/\/www.bodhicharityfoundation.org\/website\/vi\/tng\/#primaryimage\",\"url\":\"https:\/\/www.bodhicharityfoundation.org\/website\/wp-content\/uploads\/2021\/05\/Child-with-house-in-back-Bodhi.jpg\",\"contentUrl\":\"https:\/\/www.bodhicharityfoundation.org\/website\/wp-content\/uploads\/2021\/05\/Child-with-house-in-back-Bodhi.jpg\",\"width\":2000,\"height\":1500,\"caption\":\"Young hungry and sad child in Vietnam\"},{\"@type\":\"BreadcrumbList\",\"@id\":\"https:\/\/www.bodhicharityfoundation.org\/website\/vi\/tng\/#breadcrumb\",\"itemListElement\":[{\"@type\":\"ListItem\",\"position\":1,\"name\":\"Home\",\"item\":\"https:\/\/www.bodhicharityfoundation.org\/website\/\"},{\"@type\":\"ListItem\",\"position\":2,\"name\":\"T\u1eb6NG\"}]},{\"@type\":\"WebSite\",\"@id\":\"https:\/\/www.bodhicharityfoundation.org\/website\/#website\",\"url\":\"https:\/\/www.bodhicharityfoundation.org\/website\/\",\"name\":\"Bodhi Charity Foundation\",\"description\":\"Help to Heal. Give Hope. Change a Life.\",\"publisher\":{\"@id\":\"https:\/\/www.bodhicharityfoundation.org\/website\/#organization\"},\"potentialAction\":[{\"@type\":\"SearchAction\",\"target\":{\"@type\":\"EntryPoint\",\"urlTemplate\":\"https:\/\/www.bodhicharityfoundation.org\/website\/?s={search_term_string}\"},\"query-input\":\"required name=search_term_string\"}],\"inLanguage\":\"en-US\"},{\"@type\":\"Organization\",\"@id\":\"https:\/\/www.bodhicharityfoundation.org\/website\/#organization\",\"name\":\"Bodhi Charity Foundation\",\"url\":\"https:\/\/www.bodhicharityfoundation.org\/website\/\",\"logo\":{\"@type\":\"ImageObject\",\"inLanguage\":\"en-US\",\"@id\":\"https:\/\/www.bodhicharityfoundation.org\/website\/#\/schema\/logo\/image\/\",\"url\":\"https:\/\/www.bodhicharityfoundation.org\/website\/wp-content\/uploads\/2021\/06\/BCF-Logo-header-clear-heart.png\",\"contentUrl\":\"https:\/\/www.bodhicharityfoundation.org\/website\/wp-content\/uploads\/2021\/06\/BCF-Logo-header-clear-heart.png\",\"width\":451,\"height\":225,\"caption\":\"Bodhi Charity Foundation\"},\"image\":{\"@id\":\"https:\/\/www.bodhicharityfoundation.org\/website\/#\/schema\/logo\/image\/\"}}]}<\/script>\n<!-- \/ Yoast SEO plugin. -->","yoast_head_json":{"title":"T\u1eb6NG - Bodhi Charity Foundation","description":"Your donation will make a difference in someones life. The Foundation offers humanitarian and financial aid to people in under-developed countries and to the underprivileged around the world. Ninety-five cents of your donation will go toward our mission. Because we are an all volunteer, nonprofit organization ninety-five cents of every donation dollar go to the needy. Practically all proceeds are donated, with little admin cost.\u00a0 Additionally every dollar donated provides significant impact in a third world country\u2026 ie: $1 can buy 2 kg or rice that can feed a family of 4 for a day.","robots":{"index":"index","follow":"follow","max-snippet":"max-snippet:-1","max-image-preview":"max-image-preview:large","max-video-preview":"max-video-preview:-1"},"canonical":"https:\/\/www.bodhicharityfoundation.org\/website\/vi\/tng\/","og_locale":"en_US","og_type":"article","og_title":"T\u1eb6NG - Bodhi Charity Foundation","og_description":"Your donation will make a difference in someones life. The Foundation offers humanitarian and financial aid to people in under-developed countries and to the underprivileged around the world. Ninety-five cents of your donation will go toward our mission. Because we are an all volunteer, nonprofit organization ninety-five cents of every donation dollar go to the needy. Practically all proceeds are donated, with little admin cost.\u00a0 Additionally every dollar donated provides significant impact in a third world country\u2026 ie: $1 can buy 2 kg or rice that can feed a family of 4 for a day.","og_url":"https:\/\/www.bodhicharityfoundation.org\/website\/vi\/tng\/","og_site_name":"Bodhi Charity Foundation","article_modified_time":"2021-07-05T17:03:08+00:00","og_image":[{"width":2000,"height":1500,"url":"https:\/\/www.bodhicharityfoundation.org\/website\/wp-content\/uploads\/2021\/05\/Child-with-house-in-back-Bodhi.jpg","type":"image\/jpeg"}],"twitter_card":"summary_large_image","twitter_misc":{"Est. reading time":"2 minutes"},"schema":{"@context":"https:\/\/schema.org","@graph":[{"@type":["WebPage","CheckoutPage"],"@id":"https:\/\/www.bodhicharityfoundation.org\/website\/vi\/tng\/","url":"https:\/\/www.bodhicharityfoundation.org\/website\/vi\/tng\/","name":"T\u1eb6NG - Bodhi Charity Foundation","isPartOf":{"@id":"https:\/\/www.bodhicharityfoundation.org\/website\/#website"},"primaryImageOfPage":{"@id":"https:\/\/www.bodhicharityfoundation.org\/website\/vi\/tng\/#primaryimage"},"image":{"@id":"https:\/\/www.bodhicharityfoundation.org\/website\/vi\/tng\/#primaryimage"},"thumbnailUrl":"https:\/\/www.bodhicharityfoundation.org\/website\/wp-content\/uploads\/2021\/05\/Child-with-house-in-back-Bodhi.jpg","datePublished":"2021-06-02T17:30:49+00:00","dateModified":"2021-07-05T17:03:08+00:00","description":"Your donation will make a difference in someones life. The Foundation offers humanitarian and financial aid to people in under-developed countries and to the underprivileged around the world. Ninety-five cents of your donation will go toward our mission. Because we are an all volunteer, nonprofit organization ninety-five cents of every donation dollar go to the needy. Practically all proceeds are donated, with little admin cost.\u00a0 Additionally every dollar donated provides significant impact in a third world country\u2026 ie: $1 can buy 2 kg or rice that can feed a family of 4 for a day.","breadcrumb":{"@id":"https:\/\/www.bodhicharityfoundation.org\/website\/vi\/tng\/#breadcrumb"},"inLanguage":"en-US","potentialAction":[{"@type":"ReadAction","target":["https:\/\/www.bodhicharityfoundation.org\/website\/vi\/tng\/"]}]},{"@type":"ImageObject","inLanguage":"en-US","@id":"https:\/\/www.bodhicharityfoundation.org\/website\/vi\/tng\/#primaryimage","url":"https:\/\/www.bodhicharityfoundation.org\/website\/wp-content\/uploads\/2021\/05\/Child-with-house-in-back-Bodhi.jpg","contentUrl":"https:\/\/www.bodhicharityfoundation.org\/website\/wp-content\/uploads\/2021\/05\/Child-with-house-in-back-Bodhi.jpg","width":2000,"height":1500,"caption":"Young hungry and sad child in Vietnam"},{"@type":"BreadcrumbList","@id":"https:\/\/www.bodhicharityfoundation.org\/website\/vi\/tng\/#breadcrumb","itemListElement":[{"@type":"ListItem","position":1,"name":"Home","item":"https:\/\/www.bodhicharityfoundation.org\/website\/"},{"@type":"ListItem","position":2,"name":"T\u1eb6NG"}]},{"@type":"WebSite","@id":"https:\/\/www.bodhicharityfoundation.org\/website\/#website","url":"https:\/\/www.bodhicharityfoundation.org\/website\/","name":"Bodhi Charity Foundation","description":"Help to Heal. Give Hope. Change a Life.","publisher":{"@id":"https:\/\/www.bodhicharityfoundation.org\/website\/#organization"},"potentialAction":[{"@type":"SearchAction","target":{"@type":"EntryPoint","urlTemplate":"https:\/\/www.bodhicharityfoundation.org\/website\/?s={search_term_string}"},"query-input":"required name=search_term_string"}],"inLanguage":"en-US"},{"@type":"Organization","@id":"https:\/\/www.bodhicharityfoundation.org\/website\/#organization","name":"Bodhi Charity Foundation","url":"https:\/\/www.bodhicharityfoundation.org\/website\/","logo":{"@type":"ImageObject","inLanguage":"en-US","@id":"https:\/\/www.bodhicharityfoundation.org\/website\/#\/schema\/logo\/image\/","url":"https:\/\/www.bodhicharityfoundation.org\/website\/wp-content\/uploads\/2021\/06\/BCF-Logo-header-clear-heart.png","contentUrl":"https:\/\/www.bodhicharityfoundation.org\/website\/wp-content\/uploads\/2021\/06\/BCF-Logo-header-clear-heart.png","width":451,"height":225,"caption":"Bodhi Charity Foundation"},"image":{"@id":"https:\/\/www.bodhicharityfoundation.org\/website\/#\/schema\/logo\/image\/"}}]}},"acf":[],"_links":{"self":[{"href":"https:\/\/www.bodhicharityfoundation.org\/website\/wp-json\/wp\/v2\/pages\/983","targetHints":{"allow":["GET"]}}],"collection":[{"href":"https:\/\/www.bodhicharityfoundation.org\/website\/wp-json\/wp\/v2\/pages"}],"about":[{"href":"https:\/\/www.bodhicharityfoundation.org\/website\/wp-json\/wp\/v2\/types\/page"}],"author":[{"embeddable":true,"href":"https:\/\/www.bodhicharityfoundation.org\/website\/wp-json\/wp\/v2\/users\/1"}],"replies":[{"embeddable":true,"href":"https:\/\/www.bodhicharityfoundation.org\/website\/wp-json\/wp\/v2\/comments?post=983"}],"version-history":[{"count":10,"href":"https:\/\/www.bodhicharityfoundation.org\/website\/wp-json\/wp\/v2\/pages\/983\/revisions"}],"predecessor-version":[{"id":1955,"href":"https:\/\/www.bodhicharityfoundation.org\/website\/wp-json\/wp\/v2\/pages\/983\/revisions\/1955"}],"wp:featuredmedia":[{"embeddable":true,"href":"https:\/\/www.bodhicharityfoundation.org\/website\/wp-json\/wp\/v2\/media\/304"}],"wp:attachment":[{"href":"https:\/\/www.bodhicharityfoundation.org\/website\/wp-json\/wp\/v2\/media?parent=983"}],"curies":[{"name":"wp","href":"https:\/\/api.w.org\/{rel}","templated":true}]}}